{"id":120951,"date":"2021-08-11T12:13:45","date_gmt":"2021-08-11T09:13:45","guid":{"rendered":"http:\/\/dev.tactic.net\/tuote\/dicetto\/"},"modified":"2023-10-25T14:34:16","modified_gmt":"2023-10-25T11:34:16","slug":"dicetto","status":"publish","type":"product","link":"https:\/\/games.tactic.net\/da\/tuote\/dicetto\/","title":{"rendered":"Tactic Dicetto dice game"},"content":{"rendered":"<p>Kast terningerne, sammenlign m\u00f8nstrene og pr\u00f8v at f\u00e5 fat i de bedste kort for at vinde spillet! Dicetto tager terningspil tilbage til sine r\u00f8dder.<\/p>\n","protected":false},"excerpt":{"rendered":"<p>Kast terningerne, sammenlign m\u00f8nstrene og pr\u00f8v at f\u00e5 fat i de bedste kort for at vinde spillet! Dicetto tager terningspil tilbage til sine r\u00f8dder.<\/p>\n","protected":false},"featured_media":0,"template":"","meta":{"content-type":"","_monsterinsights_skip_tracking":false,"_monsterinsights_sitenote_active":false,"_monsterinsights_sitenote_note":"","_monsterinsights_sitenote_category":0},"product_brand":[],"product_cat":[359,1613],"product_tag":[1002,895],"brand":[],"target-group":[],"discontinued":[],"class_list":{"0":"post-120951","1":"product","2":"type-product","3":"status-publish","5":"product_cat-kort-og-terningspil","6":"product_cat-terning-og-kortspil","7":"product_tag-held","8":"product_tag-taktik","10":"first","11":"instock","12":"taxable","13":"shipping-taxable","14":"product-type-simple"},"aioseo_notices":[],"_links":{"self":[{"href":"https:\/\/games.tactic.net\/da\/wp-json\/wp\/v2\/product\/120951","targetHints":{"allow":["GET"]}}],"collection":[{"href":"https:\/\/games.tactic.net\/da\/wp-json\/wp\/v2\/product"}],"about":[{"href":"https:\/\/games.tactic.net\/da\/wp-json\/wp\/v2\/types\/product"}],"wp:attachment":[{"href":"https:\/\/games.tactic.net\/da\/wp-json\/wp\/v2\/media?parent=120951"}],"wp:term":[{"taxonomy":"product_brand","embeddable":true,"href":"https:\/\/games.tactic.net\/da\/wp-json\/wp\/v2\/product_brand?post=120951"},{"taxonomy":"product_cat","embeddable":true,"href":"https:\/\/games.tactic.net\/da\/wp-json\/wp\/v2\/product_cat?post=120951"},{"taxonomy":"product_tag","embeddable":true,"href":"https:\/\/games.tactic.net\/da\/wp-json\/wp\/v2\/product_tag?post=120951"},{"taxonomy":"brand","embeddable":true,"href":"https:\/\/games.tactic.net\/da\/wp-json\/wp\/v2\/brand?post=120951"},{"taxonomy":"target-group","embeddable":true,"href":"https:\/\/games.tactic.net\/da\/wp-json\/wp\/v2\/target-group?post=120951"},{"taxonomy":"discontinued","embeddable":true,"href":"https:\/\/games.tactic.net\/da\/wp-json\/wp\/v2\/discontinued?post=120951"}],"curies":[{"name":"wp","href":"https:\/\/api.w.org\/{rel}","templated":true}]}}