{"id":120892,"date":"2021-08-11T11:41:18","date_gmt":"2021-08-11T08:41:18","guid":{"rendered":"http:\/\/dev.tactic.net\/tuote\/skal-vi-vaedde-2\/"},"modified":"2025-11-27T11:24:01","modified_gmt":"2025-11-27T09:24:01","slug":"skal-vi-vaedde-2","status":"publish","type":"product","link":"https:\/\/games.tactic.net\/da\/tuote\/skal-vi-vaedde-2\/","title":{"rendered":"Tactic Skal vi v\u00e6dde? 2"},"content":{"rendered":"<p>Hver enkelt spiller pr\u00f8ver at l\u00f8se fysiske og mentale opgaver for at vinde, mens de andre spillere v\u00e6dder om vedkommende klarer opgaven eller ej.<\/p>\n","protected":false},"excerpt":{"rendered":"<p>Hver enkelt spiller pr\u00f8ver at l\u00f8se fysiske og mentale opgaver for at vinde, mens de andre spillere v\u00e6dder om vedkommende klarer opgaven eller ej.<\/p>\n","protected":false},"featured_media":0,"template":"","meta":{"content-type":"","_monsterinsights_skip_tracking":false,"_monsterinsights_sitenote_active":false,"_monsterinsights_sitenote_note":"","_monsterinsights_sitenote_category":0},"product_brand":[],"product_cat":[1586,1582],"product_tag":[1250,1228],"brand":[],"target-group":[],"discontinued":[],"class_list":{"0":"post-120892","1":"product","2":"type-product","3":"status-publish","5":"product_cat-party-spil","6":"product_cat-selskabsspil-voksenspil","7":"product_tag-faerdighed-da","8":"product_tag-kreativitet-da","10":"first","11":"instock","12":"taxable","13":"shipping-taxable","14":"product-type-simple"},"aioseo_notices":[],"_links":{"self":[{"href":"https:\/\/games.tactic.net\/da\/wp-json\/wp\/v2\/product\/120892","targetHints":{"allow":["GET"]}}],"collection":[{"href":"https:\/\/games.tactic.net\/da\/wp-json\/wp\/v2\/product"}],"about":[{"href":"https:\/\/games.tactic.net\/da\/wp-json\/wp\/v2\/types\/product"}],"wp:attachment":[{"href":"https:\/\/games.tactic.net\/da\/wp-json\/wp\/v2\/media?parent=120892"}],"wp:term":[{"taxonomy":"product_brand","embeddable":true,"href":"https:\/\/games.tactic.net\/da\/wp-json\/wp\/v2\/product_brand?post=120892"},{"taxonomy":"product_cat","embeddable":true,"href":"https:\/\/games.tactic.net\/da\/wp-json\/wp\/v2\/product_cat?post=120892"},{"taxonomy":"product_tag","embeddable":true,"href":"https:\/\/games.tactic.net\/da\/wp-json\/wp\/v2\/product_tag?post=120892"},{"taxonomy":"brand","embeddable":true,"href":"https:\/\/games.tactic.net\/da\/wp-json\/wp\/v2\/brand?post=120892"},{"taxonomy":"target-group","embeddable":true,"href":"https:\/\/games.tactic.net\/da\/wp-json\/wp\/v2\/target-group?post=120892"},{"taxonomy":"discontinued","embeddable":true,"href":"https:\/\/games.tactic.net\/da\/wp-json\/wp\/v2\/discontinued?post=120892"}],"curies":[{"name":"wp","href":"https:\/\/api.w.org\/{rel}","templated":true}]}}