{"id":120877,"date":"2021-08-11T11:38:05","date_gmt":"2021-08-11T08:38:05","guid":{"rendered":"http:\/\/dev.tactic.net\/tuote\/lumo-stars-spider-spi-classic\/"},"modified":"2023-12-29T11:17:08","modified_gmt":"2023-12-29T09:17:08","slug":"lumo-stars-spider-spi-classic","status":"archive","type":"product","link":"https:\/\/games.tactic.net\/da\/tuote\/lumo-stars-spider-spi-classic\/","title":{"rendered":"Lumo Stars Spider Spi &#8211; Classic"},"content":{"rendered":"<p>Classic 15 cm. Samlbar baby dyr plys. Glad, huggable, venlig, rar og s\u00f8d. Vi smiler mere! S\u00f8d Northern Brights plys kollektion er baseret p\u00e5 den \u00e6gte nordiske natur og dyreliv. Finsk design. Se p\u00e5 mine flotte glitterben, er de ikke seje? De lyser op p\u00e5 dansegulvet, mens jeg danser salsa. www.lumostars.com<\/p>\n","protected":false},"excerpt":{"rendered":"<p>Classic 15 cm.<\/p>\n","protected":false},"featured_media":0,"template":"","meta":{"content-type":"","_monsterinsights_skip_tracking":false,"_monsterinsights_sitenote_active":false,"_monsterinsights_sitenote_note":"","_monsterinsights_sitenote_category":0},"product_brand":[],"product_cat":[1640],"product_tag":[1262],"brand":[{"id":1020,"name":"Lumo Stars","slug":"lumo-stars_dk"}],"target-group":[],"discontinued":[],"class_list":{"0":"post-120877","1":"product","2":"type-product","3":"status-archive","5":"product_cat-classic-bamser-lumo-stars-6","6":"product_tag-lumo-stars-da","7":"brand-lumo-stars_dk","9":"first","10":"outofstock","11":"taxable","12":"shipping-taxable","13":"product-type-simple"},"aioseo_notices":[],"_links":{"self":[{"href":"https:\/\/games.tactic.net\/da\/wp-json\/wp\/v2\/product\/120877","targetHints":{"allow":["GET"]}}],"collection":[{"href":"https:\/\/games.tactic.net\/da\/wp-json\/wp\/v2\/product"}],"about":[{"href":"https:\/\/games.tactic.net\/da\/wp-json\/wp\/v2\/types\/product"}],"wp:attachment":[{"href":"https:\/\/games.tactic.net\/da\/wp-json\/wp\/v2\/media?parent=120877"}],"wp:term":[{"taxonomy":"product_brand","embeddable":true,"href":"https:\/\/games.tactic.net\/da\/wp-json\/wp\/v2\/product_brand?post=120877"},{"taxonomy":"product_cat","embeddable":true,"href":"https:\/\/games.tactic.net\/da\/wp-json\/wp\/v2\/product_cat?post=120877"},{"taxonomy":"product_tag","embeddable":true,"href":"https:\/\/games.tactic.net\/da\/wp-json\/wp\/v2\/product_tag?post=120877"},{"taxonomy":"brand","embeddable":true,"href":"https:\/\/games.tactic.net\/da\/wp-json\/wp\/v2\/brand?post=120877"},{"taxonomy":"target-group","embeddable":true,"href":"https:\/\/games.tactic.net\/da\/wp-json\/wp\/v2\/target-group?post=120877"},{"taxonomy":"discontinued","embeddable":true,"href":"https:\/\/games.tactic.net\/da\/wp-json\/wp\/v2\/discontinued?post=120877"}],"curies":[{"name":"wp","href":"https:\/\/api.w.org\/{rel}","templated":true}]}}