{"id":120876,"date":"2021-08-11T11:18:55","date_gmt":"2021-08-11T08:18:55","guid":{"rendered":"http:\/\/dev.tactic.net\/tuote\/orginal-gaet-en-tegning\/"},"modified":"2023-10-25T14:39:03","modified_gmt":"2023-10-25T11:39:03","slug":"orginal-gaet-en-tegning","status":"publish","type":"product","link":"https:\/\/games.tactic.net\/da\/tuote\/orginal-gaet-en-tegning\/","title":{"rendered":"Tactic G\u00e6t en tegning Original"},"content":{"rendered":"<p>G\u00e6t en tegning indeholder 1.800 ord i 6 forskellige kategorier, som skal tegnes. F\u00f8rste spiller i m\u00e5l vinder spillet.<\/p>\n","protected":false},"excerpt":{"rendered":"<p>G\u00e6t en tegning indeholder 1.800 ord i 6 forskellige kategorier, som skal tegnes. F\u00f8rste spiller i m\u00e5l vinder spillet.<\/p>\n","protected":false},"featured_media":0,"template":"","meta":{"content-type":"","_monsterinsights_skip_tracking":false,"_monsterinsights_sitenote_active":false,"_monsterinsights_sitenote_note":"","_monsterinsights_sitenote_category":0},"product_brand":[],"product_cat":[1455],"product_tag":[1228],"brand":[],"target-group":[],"discontinued":[],"class_list":{"0":"post-120876","1":"product","2":"type-product","3":"status-publish","5":"product_cat-braetspil","6":"product_tag-kreativitet-da","8":"first","9":"instock","10":"taxable","11":"shipping-taxable","12":"product-type-simple"},"aioseo_notices":[],"_links":{"self":[{"href":"https:\/\/games.tactic.net\/da\/wp-json\/wp\/v2\/product\/120876","targetHints":{"allow":["GET"]}}],"collection":[{"href":"https:\/\/games.tactic.net\/da\/wp-json\/wp\/v2\/product"}],"about":[{"href":"https:\/\/games.tactic.net\/da\/wp-json\/wp\/v2\/types\/product"}],"wp:attachment":[{"href":"https:\/\/games.tactic.net\/da\/wp-json\/wp\/v2\/media?parent=120876"}],"wp:term":[{"taxonomy":"product_brand","embeddable":true,"href":"https:\/\/games.tactic.net\/da\/wp-json\/wp\/v2\/product_brand?post=120876"},{"taxonomy":"product_cat","embeddable":true,"href":"https:\/\/games.tactic.net\/da\/wp-json\/wp\/v2\/product_cat?post=120876"},{"taxonomy":"product_tag","embeddable":true,"href":"https:\/\/games.tactic.net\/da\/wp-json\/wp\/v2\/product_tag?post=120876"},{"taxonomy":"brand","embeddable":true,"href":"https:\/\/games.tactic.net\/da\/wp-json\/wp\/v2\/brand?post=120876"},{"taxonomy":"target-group","embeddable":true,"href":"https:\/\/games.tactic.net\/da\/wp-json\/wp\/v2\/target-group?post=120876"},{"taxonomy":"discontinued","embeddable":true,"href":"https:\/\/games.tactic.net\/da\/wp-json\/wp\/v2\/discontinued?post=120876"}],"curies":[{"name":"wp","href":"https:\/\/api.w.org\/{rel}","templated":true}]}}