{"id":120819,"date":"2021-08-11T11:17:48","date_gmt":"2021-08-11T08:17:48","guid":{"rendered":"http:\/\/dev.tactic.net\/tuote\/skal-vi-vaedde\/"},"modified":"2023-10-25T15:57:35","modified_gmt":"2023-10-25T12:57:35","slug":"skal-vi-vaedde","status":"publish","type":"product","link":"https:\/\/games.tactic.net\/da\/tuote\/skal-vi-vaedde\/","title":{"rendered":"Tactic Skal Vi V\u00e6dde?"},"content":{"rendered":"<p>SKAL VI V\u00c6DDE, OM DIN FAMILIE KLARER DET? I dette hylende grinagtige familiespil, skal deltagerne udf\u00f8re forskellige opgaver, mens de andre spillere v\u00e6dder om, hvorvidt de klarer det eller ej. Hvis de andre g\u00e6tter rigtigt, vinder de deres indsats i spillepenge, ligesom man vinder en pr\u00e6mie, hvis man udf\u00f8rer opgaven fejlfrit. Skal vi v\u00e6dde? Er et popul\u00e6rt indslag p\u00e5 en hyggelig spilleaften. Deltagerne er aktive, og de sjove opgaver g\u00f8r spillet til en tilbagevendende forn\u00f8jelse b\u00e5de for b\u00f8rn og voksne.<\/p>\n<p><img decoding=\"async\" src=\"https:\\\\\\\\games.tactic.net\\\\pic\\\\logo\\\\Awarded_concept.png\"><\/p>\n","protected":false},"excerpt":{"rendered":"<p>SKAL VI V\u00c6DDE, OM DIN FAMILIE KLARER DET? I dette hylende grinagtige familiespil, skal deltagerne udf\u00f8re forskellige opgaver, mens de andre spillere v\u00e6dder om, hvorvidt de klarer det eller ej. Hvis de andre g\u00e6tter rigtigt, vinder de deres indsats i spillepenge, ligesom man vinder en pr\u00e6mie, hvis man udf\u00f8rer opgaven fejlfrit.<\/p>\n","protected":false},"featured_media":0,"template":"","meta":{"content-type":"","_monsterinsights_skip_tracking":false,"_monsterinsights_sitenote_active":false,"_monsterinsights_sitenote_note":"","_monsterinsights_sitenote_category":0},"product_brand":[],"product_cat":[1455],"product_tag":[1250,1228,1266],"brand":[],"target-group":[],"discontinued":[],"class_list":{"0":"post-120819","1":"product","2":"type-product","3":"status-publish","5":"product_cat-braetspil","6":"product_tag-faerdighed-da","7":"product_tag-kreativitet-da","8":"product_tag-problemlosning-da","10":"first","11":"instock","12":"taxable","13":"shipping-taxable","14":"product-type-simple"},"aioseo_notices":[],"_links":{"self":[{"href":"https:\/\/games.tactic.net\/da\/wp-json\/wp\/v2\/product\/120819","targetHints":{"allow":["GET"]}}],"collection":[{"href":"https:\/\/games.tactic.net\/da\/wp-json\/wp\/v2\/product"}],"about":[{"href":"https:\/\/games.tactic.net\/da\/wp-json\/wp\/v2\/types\/product"}],"wp:attachment":[{"href":"https:\/\/games.tactic.net\/da\/wp-json\/wp\/v2\/media?parent=120819"}],"wp:term":[{"taxonomy":"product_brand","embeddable":true,"href":"https:\/\/games.tactic.net\/da\/wp-json\/wp\/v2\/product_brand?post=120819"},{"taxonomy":"product_cat","embeddable":true,"href":"https:\/\/games.tactic.net\/da\/wp-json\/wp\/v2\/product_cat?post=120819"},{"taxonomy":"product_tag","embeddable":true,"href":"https:\/\/games.tactic.net\/da\/wp-json\/wp\/v2\/product_tag?post=120819"},{"taxonomy":"brand","embeddable":true,"href":"https:\/\/games.tactic.net\/da\/wp-json\/wp\/v2\/brand?post=120819"},{"taxonomy":"target-group","embeddable":true,"href":"https:\/\/games.tactic.net\/da\/wp-json\/wp\/v2\/target-group?post=120819"},{"taxonomy":"discontinued","embeddable":true,"href":"https:\/\/games.tactic.net\/da\/wp-json\/wp\/v2\/discontinued?post=120819"}],"curies":[{"name":"wp","href":"https:\/\/api.w.org\/{rel}","templated":true}]}}