{"id":120762,"date":"2021-08-11T11:16:21","date_gmt":"2021-08-11T08:16:21","guid":{"rendered":"http:\/\/dev.tactic.net\/tuote\/touche\/"},"modified":"2022-01-18T12:57:35","modified_gmt":"2022-01-18T10:57:35","slug":"touche","status":"archive","type":"product","link":"https:\/\/games.tactic.net\/da\/tuote\/touche\/","title":{"rendered":"Touch\u00e9"},"content":{"rendered":"<p>Et fantastisk spil for hele familien. Det kr\u00e6ver god taktik, men ogs\u00e5 lidt held at vinde i dette spil. M\u00e5let er at samle et aftalt antal m\u00f8nstre<br \/>\nmed sine pyramider p\u00e5 spillebr\u00e6ttet. Kortene fort\u00e6ller dig, hvor du kan placere dine pyramider, og n\u00e5r du har m\u00f8nstret f\u00e6rdigt, opn\u00e5r du<br \/>\n\u201dTouch\u00e9\u201d. Efter mange opfordringer har vi nu Touch\u00e9 med i sortimentet igen.<\/p>\n","protected":false},"excerpt":{"rendered":"<p>Et fantastisk spil for hele familien. Det kr\u00e6ver god taktik, men ogs\u00e5 lidt held at vinde i dette spil.<\/p>\n","protected":false},"featured_media":0,"template":"","meta":{"content-type":"","_monsterinsights_skip_tracking":false,"_monsterinsights_sitenote_active":false,"_monsterinsights_sitenote_note":"","_monsterinsights_sitenote_category":0},"product_brand":[],"product_cat":[1455,1600],"product_tag":[1232,1237],"brand":[],"target-group":[],"discontinued":[],"class_list":{"0":"post-120762","1":"product","2":"type-product","3":"status-archive","5":"product_cat-braetspil","6":"product_cat-strategiske-spil-voksenspil","7":"product_tag-kombinere-da","8":"product_tag-strategi-da","10":"first","11":"outofstock","12":"taxable","13":"shipping-taxable","14":"product-type-simple"},"aioseo_notices":[],"_links":{"self":[{"href":"https:\/\/games.tactic.net\/da\/wp-json\/wp\/v2\/product\/120762","targetHints":{"allow":["GET"]}}],"collection":[{"href":"https:\/\/games.tactic.net\/da\/wp-json\/wp\/v2\/product"}],"about":[{"href":"https:\/\/games.tactic.net\/da\/wp-json\/wp\/v2\/types\/product"}],"wp:attachment":[{"href":"https:\/\/games.tactic.net\/da\/wp-json\/wp\/v2\/media?parent=120762"}],"wp:term":[{"taxonomy":"product_brand","embeddable":true,"href":"https:\/\/games.tactic.net\/da\/wp-json\/wp\/v2\/product_brand?post=120762"},{"taxonomy":"product_cat","embeddable":true,"href":"https:\/\/games.tactic.net\/da\/wp-json\/wp\/v2\/product_cat?post=120762"},{"taxonomy":"product_tag","embeddable":true,"href":"https:\/\/games.tactic.net\/da\/wp-json\/wp\/v2\/product_tag?post=120762"},{"taxonomy":"brand","embeddable":true,"href":"https:\/\/games.tactic.net\/da\/wp-json\/wp\/v2\/brand?post=120762"},{"taxonomy":"target-group","embeddable":true,"href":"https:\/\/games.tactic.net\/da\/wp-json\/wp\/v2\/target-group?post=120762"},{"taxonomy":"discontinued","embeddable":true,"href":"https:\/\/games.tactic.net\/da\/wp-json\/wp\/v2\/discontinued?post=120762"}],"curies":[{"name":"wp","href":"https:\/\/api.w.org\/{rel}","templated":true}]}}