{"id":120705,"date":"2021-08-11T11:12:31","date_gmt":"2021-08-11T08:12:31","guid":{"rendered":"http:\/\/dev.tactic.net\/tuote\/block-out\/"},"modified":"2023-09-15T09:55:32","modified_gmt":"2023-09-15T06:55:32","slug":"block-out","status":"archive","type":"product","link":"https:\/\/games.tactic.net\/da\/tuote\/block-out\/","title":{"rendered":"Block Out!"},"content":{"rendered":"<p>L\u00e6g klodser ovenp\u00e5 hinanden uden at stabelen v\u00e6lter! F\u00f8rste spiller uden kort eller som har lagt den<br \/>\n9. klods uden stabelen v\u00e6lter, vinder spillet!<\/p>\n<div><\/p>\n<li>Flotte klodser i h\u00f8j kvalitet s\u00f8rger for god underholdning i lang tid fremover.<\/li>\n<li>Kortene viser, hvilken klods du skal bruge.<\/li>\n<li>Herligt spil for hele familien!<\/li>\n<\/div>\n","protected":false},"excerpt":{"rendered":"<p>L\u00e6g klodser ovenp\u00e5 hinanden uden at stabelen v\u00e6lter! F\u00f8rste spiller uden kort eller som har lagt den 9. klods uden stabelen v\u00e6lter, vinder spillet!<\/p>\n","protected":false},"featured_media":0,"template":"","meta":{"content-type":"","_monsterinsights_skip_tracking":false,"_monsterinsights_sitenote_active":false,"_monsterinsights_sitenote_note":"","_monsterinsights_sitenote_category":0},"product_brand":[],"product_cat":[1455],"product_tag":[1250,895],"brand":[],"target-group":[],"discontinued":[],"class_list":{"0":"post-120705","1":"product","2":"type-product","3":"status-archive","5":"product_cat-braetspil","6":"product_tag-faerdighed-da","7":"product_tag-taktik","9":"first","10":"outofstock","11":"taxable","12":"shipping-taxable","13":"product-type-simple"},"aioseo_notices":[],"_links":{"self":[{"href":"https:\/\/games.tactic.net\/da\/wp-json\/wp\/v2\/product\/120705","targetHints":{"allow":["GET"]}}],"collection":[{"href":"https:\/\/games.tactic.net\/da\/wp-json\/wp\/v2\/product"}],"about":[{"href":"https:\/\/games.tactic.net\/da\/wp-json\/wp\/v2\/types\/product"}],"wp:attachment":[{"href":"https:\/\/games.tactic.net\/da\/wp-json\/wp\/v2\/media?parent=120705"}],"wp:term":[{"taxonomy":"product_brand","embeddable":true,"href":"https:\/\/games.tactic.net\/da\/wp-json\/wp\/v2\/product_brand?post=120705"},{"taxonomy":"product_cat","embeddable":true,"href":"https:\/\/games.tactic.net\/da\/wp-json\/wp\/v2\/product_cat?post=120705"},{"taxonomy":"product_tag","embeddable":true,"href":"https:\/\/games.tactic.net\/da\/wp-json\/wp\/v2\/product_tag?post=120705"},{"taxonomy":"brand","embeddable":true,"href":"https:\/\/games.tactic.net\/da\/wp-json\/wp\/v2\/brand?post=120705"},{"taxonomy":"target-group","embeddable":true,"href":"https:\/\/games.tactic.net\/da\/wp-json\/wp\/v2\/target-group?post=120705"},{"taxonomy":"discontinued","embeddable":true,"href":"https:\/\/games.tactic.net\/da\/wp-json\/wp\/v2\/discontinued?post=120705"}],"curies":[{"name":"wp","href":"https:\/\/api.w.org\/{rel}","templated":true}]}}