{"id":120634,"date":"2021-08-11T11:11:40","date_gmt":"2021-08-11T08:11:40","guid":{"rendered":"http:\/\/dev.tactic.net\/tuote\/dosa\/"},"modified":"2022-02-09T13:52:14","modified_gmt":"2022-02-09T11:52:14","slug":"dosa","status":"archive","type":"product","link":"https:\/\/games.tactic.net\/da\/tuote\/dosa\/","title":{"rendered":"Dosa"},"content":{"rendered":"<div>Snur, kast eller h\u00e6ld Dosaen og fors\u00f8g at lande den &#8211; bang! \u2013 p\u00e5 m\u00e5lpladerne! Dette helt nye spil handler lige s\u00e5 meget om stil, som det handler om dygtighed. Land Dosaen rigtigt og pr\u00f8v at score det h\u00f8jeste pointtal! Perfekt til enhver situation og for enhver spiller.<\/div>\n<div><\/div>\n<div>\u2022 Et splinternyt, st\u00e6rkt vanedannende aktivitetsspil!<\/div>\n<div>\u2022 Leveres med fantastiske plastik-pucks.<\/div>\n<div>\u2022 Let at l\u00e6re, og sejt at spille!<\/div>\n","protected":false},"excerpt":{"rendered":"<div>Snur, kast eller h\u00e6ld Dosaen og fors\u00f8g at lande den &#8211; bang! \u2013 p\u00e5 m\u00e5lpladerne! Dette helt nye spil handler lige s\u00e5 meget om stil, som det handler om dygtighed. Land Dosaen rigtigt og pr\u00f8v at score det h\u00f8jeste pointtal! Perfekt til enhver situation og for enhver spiller.<\/div>\n","protected":false},"featured_media":0,"template":"","meta":{"content-type":"","_monsterinsights_skip_tracking":false,"_monsterinsights_sitenote_active":false,"_monsterinsights_sitenote_note":"","_monsterinsights_sitenote_category":0},"product_brand":[],"product_cat":[1586],"product_tag":[1223,1250],"brand":[],"target-group":[],"discontinued":[],"class_list":{"0":"post-120634","1":"product","2":"type-product","3":"status-archive","5":"product_cat-party-spil","6":"product_tag-aktive-da","7":"product_tag-faerdighed-da","9":"first","10":"outofstock","11":"taxable","12":"shipping-taxable","13":"product-type-simple"},"aioseo_notices":[],"_links":{"self":[{"href":"https:\/\/games.tactic.net\/da\/wp-json\/wp\/v2\/product\/120634","targetHints":{"allow":["GET"]}}],"collection":[{"href":"https:\/\/games.tactic.net\/da\/wp-json\/wp\/v2\/product"}],"about":[{"href":"https:\/\/games.tactic.net\/da\/wp-json\/wp\/v2\/types\/product"}],"wp:attachment":[{"href":"https:\/\/games.tactic.net\/da\/wp-json\/wp\/v2\/media?parent=120634"}],"wp:term":[{"taxonomy":"product_brand","embeddable":true,"href":"https:\/\/games.tactic.net\/da\/wp-json\/wp\/v2\/product_brand?post=120634"},{"taxonomy":"product_cat","embeddable":true,"href":"https:\/\/games.tactic.net\/da\/wp-json\/wp\/v2\/product_cat?post=120634"},{"taxonomy":"product_tag","embeddable":true,"href":"https:\/\/games.tactic.net\/da\/wp-json\/wp\/v2\/product_tag?post=120634"},{"taxonomy":"brand","embeddable":true,"href":"https:\/\/games.tactic.net\/da\/wp-json\/wp\/v2\/brand?post=120634"},{"taxonomy":"target-group","embeddable":true,"href":"https:\/\/games.tactic.net\/da\/wp-json\/wp\/v2\/target-group?post=120634"},{"taxonomy":"discontinued","embeddable":true,"href":"https:\/\/games.tactic.net\/da\/wp-json\/wp\/v2\/discontinued?post=120634"}],"curies":[{"name":"wp","href":"https:\/\/api.w.org\/{rel}","templated":true}]}}