{"id":120549,"date":"2021-08-11T11:09:24","date_gmt":"2021-08-11T08:09:24","guid":{"rendered":"http:\/\/dev.tactic.net\/tuote\/den-store-bagedyst\/"},"modified":"2023-10-25T14:33:45","modified_gmt":"2023-10-25T11:33:45","slug":"den-store-bagedyst","status":"publish","type":"product","link":"https:\/\/games.tactic.net\/da\/tuote\/den-store-bagedyst\/","title":{"rendered":"Tactic Den store bagedyst"},"content":{"rendered":"<p>Spillet er baseret p\u00e5 tv-programmerne og giver spillerne mulighed for at dyste i kategorier kendt fra tv, som bl.a.: Den Hemmelige udfordring, hvor det g\u00e6lder om at huske, Mesterv\u00e6rket, hvor hurtigheden s\u00e6ttes p\u00e5 pr\u00f8ve, Bed\u00f8m Kagerne, hvor det skarpe \u00f8je skal i spil, Ugens Mesterbager hvor held er vigtigt eller Kage-finish, hvor der uddeles urimelige fordele og ulemper alt afh\u00e6ngig af om moussen har sat sig eller fletbr\u00f8det er en katastrofe.<\/p>\n","protected":false},"excerpt":{"rendered":"<p>Spillet er baseret p\u00e5 tv-programmerne og giver spillerne mulighed for at dyste i kategorier kendt fra tv, som bl.a.: Den Hemmelige udfordring, hvor det g\u00e6lder om at huske, Mesterv\u00e6rket, hvor hurtigheden s\u00e6ttes p\u00e5 pr\u00f8ve, Opskrifter og Ingredienser og Klar, Parat, Bag, hvor der dystes i viden om bagv\u00e6rk og bagning, Bed\u00f8m Kagerne, hvor det skarpe \u00f8je skal i spil, Ugens Mesterbager hvor held er vigtigt eller Kage-finish, hvor der uddeles urimelige fordele og ulemper alt afh\u00e6ngig af om moussen har sat sig eller fletbr\u00f8det er en katastrofe.<\/p>\n","protected":false},"featured_media":0,"template":"","meta":{"content-type":"","_monsterinsights_skip_tracking":false,"_monsterinsights_sitenote_active":false,"_monsterinsights_sitenote_note":"","_monsterinsights_sitenote_category":0},"product_brand":[],"product_cat":[1455],"product_tag":[1232],"brand":[],"target-group":[],"discontinued":[],"class_list":{"0":"post-120549","1":"product","2":"type-product","3":"status-publish","5":"product_cat-braetspil","6":"product_tag-kombinere-da","8":"first","9":"instock","10":"taxable","11":"shipping-taxable","12":"product-type-simple"},"aioseo_notices":[],"_links":{"self":[{"href":"https:\/\/games.tactic.net\/da\/wp-json\/wp\/v2\/product\/120549","targetHints":{"allow":["GET"]}}],"collection":[{"href":"https:\/\/games.tactic.net\/da\/wp-json\/wp\/v2\/product"}],"about":[{"href":"https:\/\/games.tactic.net\/da\/wp-json\/wp\/v2\/types\/product"}],"wp:attachment":[{"href":"https:\/\/games.tactic.net\/da\/wp-json\/wp\/v2\/media?parent=120549"}],"wp:term":[{"taxonomy":"product_brand","embeddable":true,"href":"https:\/\/games.tactic.net\/da\/wp-json\/wp\/v2\/product_brand?post=120549"},{"taxonomy":"product_cat","embeddable":true,"href":"https:\/\/games.tactic.net\/da\/wp-json\/wp\/v2\/product_cat?post=120549"},{"taxonomy":"product_tag","embeddable":true,"href":"https:\/\/games.tactic.net\/da\/wp-json\/wp\/v2\/product_tag?post=120549"},{"taxonomy":"brand","embeddable":true,"href":"https:\/\/games.tactic.net\/da\/wp-json\/wp\/v2\/brand?post=120549"},{"taxonomy":"target-group","embeddable":true,"href":"https:\/\/games.tactic.net\/da\/wp-json\/wp\/v2\/target-group?post=120549"},{"taxonomy":"discontinued","embeddable":true,"href":"https:\/\/games.tactic.net\/da\/wp-json\/wp\/v2\/discontinued?post=120549"}],"curies":[{"name":"wp","href":"https:\/\/api.w.org\/{rel}","templated":true}]}}