{"id":120492,"date":"2021-08-11T11:07:32","date_gmt":"2021-08-11T08:07:32","guid":{"rendered":"http:\/\/dev.tactic.net\/tuote\/ternet-ninja\/"},"modified":"2022-01-18T12:00:19","modified_gmt":"2022-01-18T10:00:19","slug":"ternet-ninja","status":"publish","type":"product","link":"https:\/\/games.tactic.net\/da\/tuote\/ternet-ninja\/","title":{"rendered":"Tactic Ternet Ninja"},"content":{"rendered":"<p>Vend et kort og f\u00f8lg Senseiens befalinger! Spillerne vender timeglassene p\u00e5 spillebr\u00e6ttet efter tur i overensstemmelse med instruktionerne p\u00e5 deres kort. Hvis du lader sandet l\u00f8be ud, risikerer du at tabe spillet! Et familiespil fuldt af fart og handling!<\/p>\n","protected":false},"excerpt":{"rendered":"<p>Vend et kort og f\u00f8lg Senseiens befalinger! Spillerne vender timeglassene p\u00e5 spillebr\u00e6ttet efter tur i overensstemmelse med instruktionerne p\u00e5 deres kort. Hvis du lader sandet l\u00f8be ud, risikerer du at tabe spillet! Et familiespil fuldt af fart og handling!<\/p>\n","protected":false},"featured_media":0,"template":"","meta":{"content-type":"","_monsterinsights_skip_tracking":false,"_monsterinsights_sitenote_active":false,"_monsterinsights_sitenote_note":"","_monsterinsights_sitenote_category":0},"product_brand":[],"product_cat":[1455],"product_tag":[1229],"brand":[],"target-group":[],"discontinued":[],"class_list":{"0":"post-120492","1":"product","2":"type-product","3":"status-publish","5":"product_cat-braetspil","6":"product_tag-hastighed-da","8":"first","9":"instock","10":"taxable","11":"shipping-taxable","12":"product-type-simple"},"aioseo_notices":[],"_links":{"self":[{"href":"https:\/\/games.tactic.net\/da\/wp-json\/wp\/v2\/product\/120492","targetHints":{"allow":["GET"]}}],"collection":[{"href":"https:\/\/games.tactic.net\/da\/wp-json\/wp\/v2\/product"}],"about":[{"href":"https:\/\/games.tactic.net\/da\/wp-json\/wp\/v2\/types\/product"}],"wp:attachment":[{"href":"https:\/\/games.tactic.net\/da\/wp-json\/wp\/v2\/media?parent=120492"}],"wp:term":[{"taxonomy":"product_brand","embeddable":true,"href":"https:\/\/games.tactic.net\/da\/wp-json\/wp\/v2\/product_brand?post=120492"},{"taxonomy":"product_cat","embeddable":true,"href":"https:\/\/games.tactic.net\/da\/wp-json\/wp\/v2\/product_cat?post=120492"},{"taxonomy":"product_tag","embeddable":true,"href":"https:\/\/games.tactic.net\/da\/wp-json\/wp\/v2\/product_tag?post=120492"},{"taxonomy":"brand","embeddable":true,"href":"https:\/\/games.tactic.net\/da\/wp-json\/wp\/v2\/brand?post=120492"},{"taxonomy":"target-group","embeddable":true,"href":"https:\/\/games.tactic.net\/da\/wp-json\/wp\/v2\/target-group?post=120492"},{"taxonomy":"discontinued","embeddable":true,"href":"https:\/\/games.tactic.net\/da\/wp-json\/wp\/v2\/discontinued?post=120492"}],"curies":[{"name":"wp","href":"https:\/\/api.w.org\/{rel}","templated":true}]}}