{"id":120434,"date":"2021-08-11T11:05:21","date_gmt":"2021-08-11T08:05:21","guid":{"rendered":"http:\/\/dev.tactic.net\/tuote\/sludder\/"},"modified":"2023-10-25T14:10:54","modified_gmt":"2023-10-25T11:10:54","slug":"sludder","status":"publish","type":"product","link":"https:\/\/games.tactic.net\/da\/tuote\/sludder\/","title":{"rendered":"Tactic Sludder"},"content":{"rendered":"<p>Pr\u00f8v at komme med de mest sk\u00f8re men trov\u00e6rdige forklaringer til fakta p\u00e5 kortene. Bedste bluffer vinder.<\/p>\n","protected":false},"excerpt":{"rendered":"<p>Pr\u00f8v at komme med de mest sk\u00f8re men trov\u00e6rdige forklaringer til fakta p\u00e5 kortene. Bedste bluffer vinder.<\/p>\n","protected":false},"featured_media":0,"template":"","meta":{"content-type":"","_monsterinsights_skip_tracking":false,"_monsterinsights_sitenote_active":false,"_monsterinsights_sitenote_note":"","_monsterinsights_sitenote_category":0},"product_brand":[],"product_cat":[1586,1582],"product_tag":[1228],"brand":[],"target-group":[],"discontinued":[],"class_list":{"0":"post-120434","1":"product","2":"type-product","3":"status-publish","5":"product_cat-party-spil","6":"product_cat-selskabsspil-voksenspil","7":"product_tag-kreativitet-da","9":"first","10":"instock","11":"taxable","12":"shipping-taxable","13":"product-type-simple"},"aioseo_notices":[],"_links":{"self":[{"href":"https:\/\/games.tactic.net\/da\/wp-json\/wp\/v2\/product\/120434","targetHints":{"allow":["GET"]}}],"collection":[{"href":"https:\/\/games.tactic.net\/da\/wp-json\/wp\/v2\/product"}],"about":[{"href":"https:\/\/games.tactic.net\/da\/wp-json\/wp\/v2\/types\/product"}],"wp:attachment":[{"href":"https:\/\/games.tactic.net\/da\/wp-json\/wp\/v2\/media?parent=120434"}],"wp:term":[{"taxonomy":"product_brand","embeddable":true,"href":"https:\/\/games.tactic.net\/da\/wp-json\/wp\/v2\/product_brand?post=120434"},{"taxonomy":"product_cat","embeddable":true,"href":"https:\/\/games.tactic.net\/da\/wp-json\/wp\/v2\/product_cat?post=120434"},{"taxonomy":"product_tag","embeddable":true,"href":"https:\/\/games.tactic.net\/da\/wp-json\/wp\/v2\/product_tag?post=120434"},{"taxonomy":"brand","embeddable":true,"href":"https:\/\/games.tactic.net\/da\/wp-json\/wp\/v2\/brand?post=120434"},{"taxonomy":"target-group","embeddable":true,"href":"https:\/\/games.tactic.net\/da\/wp-json\/wp\/v2\/target-group?post=120434"},{"taxonomy":"discontinued","embeddable":true,"href":"https:\/\/games.tactic.net\/da\/wp-json\/wp\/v2\/discontinued?post=120434"}],"curies":[{"name":"wp","href":"https:\/\/api.w.org\/{rel}","templated":true}]}}