{"id":120405,"date":"2021-08-11T11:03:10","date_gmt":"2021-08-11T08:03:10","guid":{"rendered":"http:\/\/dev.tactic.net\/tuote\/lumo-stars-3-in-1\/"},"modified":"2023-10-25T13:37:19","modified_gmt":"2023-10-25T10:37:19","slug":"lumo-stars-3-in-1","status":"publish","type":"product","link":"https:\/\/games.tactic.net\/da\/tuote\/lumo-stars-3-in-1\/","title":{"rendered":"Lumo Stars 3 in 1 Memo, Lotto, Domino"},"content":{"rendered":"<p>Tre herlige spil med Lumo Stars-tema i \u00e9n \u00e6ske. Tre klassiske spil: Memo, Lotto og Domino. Saml s\u00e5 mange par som muligt (Memo), find brikker der matcher billederne p\u00e5 din billedplade (Lotto) og byg lange r\u00e6kker af brikker (Domino). Endel\u00f8s morskab for alle.<\/p>\n","protected":false},"excerpt":{"rendered":"<p>Tre herlige spil med Lumo Stars-tema i \u00e9n \u00e6ske. Tre klassiske spil: Memo, Lotto og Domino. Saml s\u00e5 mange par som muligt (Memo), find brikker der matcher billederne p\u00e5 din billedplade (Lotto) og byg lange r\u00e6kker af brikker (Domino). Endel\u00f8s morskab for alle.<\/p>\n","protected":false},"featured_media":0,"template":"","meta":{"content-type":"","_monsterinsights_skip_tracking":false,"_monsterinsights_sitenote_active":false,"_monsterinsights_sitenote_note":"","_monsterinsights_sitenote_category":0},"product_brand":[],"product_cat":[1638,1574],"product_tag":[1002,1232,1262],"brand":[{"id":1020,"name":"Lumo Stars","slug":"lumo-stars_dk"}],"target-group":[],"discontinued":[],"class_list":{"0":"post-120405","1":"product","2":"type-product","3":"status-publish","5":"product_cat-andet-lumo-stars-6","6":"product_cat-boerne-braetspil","7":"product_tag-held","8":"product_tag-kombinere-da","9":"product_tag-lumo-stars-da","10":"brand-lumo-stars_dk","12":"first","13":"instock","14":"taxable","15":"shipping-taxable","16":"product-type-simple"},"aioseo_notices":[],"_links":{"self":[{"href":"https:\/\/games.tactic.net\/da\/wp-json\/wp\/v2\/product\/120405","targetHints":{"allow":["GET"]}}],"collection":[{"href":"https:\/\/games.tactic.net\/da\/wp-json\/wp\/v2\/product"}],"about":[{"href":"https:\/\/games.tactic.net\/da\/wp-json\/wp\/v2\/types\/product"}],"wp:attachment":[{"href":"https:\/\/games.tactic.net\/da\/wp-json\/wp\/v2\/media?parent=120405"}],"wp:term":[{"taxonomy":"product_brand","embeddable":true,"href":"https:\/\/games.tactic.net\/da\/wp-json\/wp\/v2\/product_brand?post=120405"},{"taxonomy":"product_cat","embeddable":true,"href":"https:\/\/games.tactic.net\/da\/wp-json\/wp\/v2\/product_cat?post=120405"},{"taxonomy":"product_tag","embeddable":true,"href":"https:\/\/games.tactic.net\/da\/wp-json\/wp\/v2\/product_tag?post=120405"},{"taxonomy":"brand","embeddable":true,"href":"https:\/\/games.tactic.net\/da\/wp-json\/wp\/v2\/brand?post=120405"},{"taxonomy":"target-group","embeddable":true,"href":"https:\/\/games.tactic.net\/da\/wp-json\/wp\/v2\/target-group?post=120405"},{"taxonomy":"discontinued","embeddable":true,"href":"https:\/\/games.tactic.net\/da\/wp-json\/wp\/v2\/discontinued?post=120405"}],"curies":[{"name":"wp","href":"https:\/\/api.w.org\/{rel}","templated":true}]}}