{"id":120334,"date":"2021-08-11T10:59:35","date_gmt":"2021-08-11T07:59:35","guid":{"rendered":"http:\/\/dev.tactic.net\/tuote\/laer-om-spoergespil\/"},"modified":"2023-10-17T19:21:49","modified_gmt":"2023-10-17T16:21:49","slug":"laer-om-spoergespil","status":"publish","type":"product","link":"https:\/\/games.tactic.net\/da\/tuote\/laer-om-spoergespil\/","title":{"rendered":"Tactic L\u00e6r om Sp\u00f8rgespil"},"content":{"rendered":"<p>Verden er fuld af fascinerende og sjove ting, som b\u00f8rn elsker at udforske p\u00e5 alle mulige m\u00e5der. Med dette s\u00f8de spil kan de ogs\u00e5 l\u00e6re at fort\u00e6lle om deres observationer. Kortenes sp\u00f8rgsm\u00e5l opmuntrer spillerne til at beskrive og t\u00e6nke over b\u00e5de nye og velkendte ting &#8211; med tryg vejledning af en voksen.<\/p>\n<p>L\u00c6R OM SP\u00d8RGESPIL giver b\u00f8rn mulighed for at bruge deres fantasi, kreativitet og viden om deres egen verden. Ved at besvare sp\u00f8rgsm\u00e5l og l\u00f8se opgaver med b\u00e5de specifikke og \u00e5bne svar, vil b\u00f8rnene l\u00e6re nye ting p\u00e5 en sjov og legende m\u00e5de.<\/p>\n","protected":false},"excerpt":{"rendered":"<p>L\u00c6R OM SP\u00d8RGESPIL giver b\u00f8rn mulighed for at bruge deres fantasi, kreativitet og viden om deres egen verden. Ved at besvare sp\u00f8rgsm\u00e5l og l\u00f8se opgaver med b\u00e5de specifikke og \u00e5bne svar, vil b\u00f8rnene l\u00e6re nye ting p\u00e5 en sjov og legende m\u00e5de.<\/p>\n","protected":false},"featured_media":0,"template":"","meta":{"content-type":"","_monsterinsights_skip_tracking":false,"_monsterinsights_sitenote_active":false,"_monsterinsights_sitenote_note":"","_monsterinsights_sitenote_category":0},"product_brand":[],"product_cat":[1590],"product_tag":[1256,1198],"brand":[{"id":859,"name":"Let's Learn","slug":"letslearn-da"}],"target-group":[],"discontinued":[],"class_list":{"0":"post-120334","1":"product","2":"type-product","3":"status-publish","5":"product_cat-laeringsspil","6":"product_tag-paedagogisk-da","7":"product_tag-viden","8":"brand-letslearn-da","10":"first","11":"instock","12":"taxable","13":"shipping-taxable","14":"product-type-simple"},"aioseo_notices":[],"_links":{"self":[{"href":"https:\/\/games.tactic.net\/da\/wp-json\/wp\/v2\/product\/120334","targetHints":{"allow":["GET"]}}],"collection":[{"href":"https:\/\/games.tactic.net\/da\/wp-json\/wp\/v2\/product"}],"about":[{"href":"https:\/\/games.tactic.net\/da\/wp-json\/wp\/v2\/types\/product"}],"wp:attachment":[{"href":"https:\/\/games.tactic.net\/da\/wp-json\/wp\/v2\/media?parent=120334"}],"wp:term":[{"taxonomy":"product_brand","embeddable":true,"href":"https:\/\/games.tactic.net\/da\/wp-json\/wp\/v2\/product_brand?post=120334"},{"taxonomy":"product_cat","embeddable":true,"href":"https:\/\/games.tactic.net\/da\/wp-json\/wp\/v2\/product_cat?post=120334"},{"taxonomy":"product_tag","embeddable":true,"href":"https:\/\/games.tactic.net\/da\/wp-json\/wp\/v2\/product_tag?post=120334"},{"taxonomy":"brand","embeddable":true,"href":"https:\/\/games.tactic.net\/da\/wp-json\/wp\/v2\/brand?post=120334"},{"taxonomy":"target-group","embeddable":true,"href":"https:\/\/games.tactic.net\/da\/wp-json\/wp\/v2\/target-group?post=120334"},{"taxonomy":"discontinued","embeddable":true,"href":"https:\/\/games.tactic.net\/da\/wp-json\/wp\/v2\/discontinued?post=120334"}],"curies":[{"name":"wp","href":"https:\/\/api.w.org\/{rel}","templated":true}]}}