{"id":120206,"date":"2021-08-11T10:57:07","date_gmt":"2021-08-11T07:57:07","guid":{"rendered":"http:\/\/dev.tactic.net\/tuote\/lumo-stars-kwartet\/"},"modified":"2023-10-25T17:04:38","modified_gmt":"2023-10-25T14:04:38","slug":"lumo-stars-kwartet","status":"publish","type":"product","link":"https:\/\/games.tactic.net\/da\/tuote\/lumo-stars-kwartet\/","title":{"rendered":"Lumo Stars Kwartet card game"},"content":{"rendered":"<p>F\u00f8lg med Lumo og hendes venner i et sjovt spil og saml flest kvartetter for at vinde. L\u00e6r at t\u00e6lle og genkende farver. Selv de yngste spillere kan v\u00e6re med, da dette sjove og l\u00e6rerige spil ikke kr\u00e6ver l\u00e6sef\u00e6rdigheder.<\/p>\n","protected":false},"excerpt":{"rendered":"<p>F\u00f8lg med Lumo og hendes venner i et sjovt spil og saml flest kvartetter for at vinde. L\u00e6r at t\u00e6lle og genkende farver. Selv de yngste spillere kan v\u00e6re med, da dette sjove og l\u00e6rerige spil ikke kr\u00e6ver l\u00e6sef\u00e6rdigheder.<\/p>\n","protected":false},"featured_media":0,"template":"","meta":{"content-type":"","_monsterinsights_skip_tracking":false,"_monsterinsights_sitenote_active":false,"_monsterinsights_sitenote_note":"","_monsterinsights_sitenote_category":0},"product_brand":[],"product_cat":[1638,1574],"product_tag":[1232,1262],"brand":[{"id":1020,"name":"Lumo Stars","slug":"lumo-stars_dk"}],"target-group":[],"discontinued":[],"class_list":{"0":"post-120206","1":"product","2":"type-product","3":"status-publish","5":"product_cat-andet-lumo-stars-6","6":"product_cat-boerne-braetspil","7":"product_tag-kombinere-da","8":"product_tag-lumo-stars-da","9":"brand-lumo-stars_dk","11":"first","12":"instock","13":"taxable","14":"shipping-taxable","15":"product-type-simple"},"aioseo_notices":[],"_links":{"self":[{"href":"https:\/\/games.tactic.net\/da\/wp-json\/wp\/v2\/product\/120206","targetHints":{"allow":["GET"]}}],"collection":[{"href":"https:\/\/games.tactic.net\/da\/wp-json\/wp\/v2\/product"}],"about":[{"href":"https:\/\/games.tactic.net\/da\/wp-json\/wp\/v2\/types\/product"}],"wp:attachment":[{"href":"https:\/\/games.tactic.net\/da\/wp-json\/wp\/v2\/media?parent=120206"}],"wp:term":[{"taxonomy":"product_brand","embeddable":true,"href":"https:\/\/games.tactic.net\/da\/wp-json\/wp\/v2\/product_brand?post=120206"},{"taxonomy":"product_cat","embeddable":true,"href":"https:\/\/games.tactic.net\/da\/wp-json\/wp\/v2\/product_cat?post=120206"},{"taxonomy":"product_tag","embeddable":true,"href":"https:\/\/games.tactic.net\/da\/wp-json\/wp\/v2\/product_tag?post=120206"},{"taxonomy":"brand","embeddable":true,"href":"https:\/\/games.tactic.net\/da\/wp-json\/wp\/v2\/brand?post=120206"},{"taxonomy":"target-group","embeddable":true,"href":"https:\/\/games.tactic.net\/da\/wp-json\/wp\/v2\/target-group?post=120206"},{"taxonomy":"discontinued","embeddable":true,"href":"https:\/\/games.tactic.net\/da\/wp-json\/wp\/v2\/discontinued?post=120206"}],"curies":[{"name":"wp","href":"https:\/\/api.w.org\/{rel}","templated":true}]}}