{"id":120177,"date":"2021-08-11T10:54:53","date_gmt":"2021-08-11T07:54:53","guid":{"rendered":"http:\/\/dev.tactic.net\/tuote\/laer-om-tal\/"},"modified":"2023-10-17T19:18:52","modified_gmt":"2023-10-17T16:18:52","slug":"laer-om-tal","status":"publish","type":"product","link":"https:\/\/games.tactic.net\/da\/tuote\/laer-om-tal\/","title":{"rendered":"Tactic L\u00e6r om Tal"},"content":{"rendered":"<p>Et s\u00f8dt og nemt l\u00e6respil for b\u00f8rn, som vil l\u00e6re om tal og regning. L\u00f8s enkle opgaver ved at l\u00e6gge brikker p\u00e5 pladerne. Hvis du klarer alle opgaverne, vil du se et flot billede p\u00e5 bagsiden af pladen. Spillet indeholder 8 plader og 72 opgaver og er den perfekte udfordring til mindre b\u00f8rn, da deres nysgerrighed vokser, og deres viden udvikles konstant!<\/p>\n","protected":false},"excerpt":{"rendered":"<p>Et s\u00f8dt og nemt l\u00e6respil for b\u00f8rn, som vil l\u00e6re om tal og regning. L\u00f8s enkle opgaver ved at l\u00e6gge brikker p\u00e5 pladerne. Hvis du klarer alle opgaverne, vil du se et flot billede p\u00e5 bagsiden af pladen. Spillet indeholder 8 plader og 72 opgaver og er den perfekte udfordring til mindre b\u00f8rn, da deres nysgerrighed vokser, og deres viden udvikles konstant!<\/p>\n","protected":false},"featured_media":0,"template":"","meta":{"content-type":"","_monsterinsights_skip_tracking":false,"_monsterinsights_sitenote_active":false,"_monsterinsights_sitenote_note":"","_monsterinsights_sitenote_category":0},"product_brand":[],"product_cat":[1590],"product_tag":[1256],"brand":[{"id":859,"name":"Let's Learn","slug":"letslearn-da"}],"target-group":[],"discontinued":[],"class_list":{"0":"post-120177","1":"product","2":"type-product","3":"status-publish","5":"product_cat-laeringsspil","6":"product_tag-paedagogisk-da","7":"brand-letslearn-da","9":"first","10":"instock","11":"taxable","12":"shipping-taxable","13":"product-type-simple"},"aioseo_notices":[],"_links":{"self":[{"href":"https:\/\/games.tactic.net\/da\/wp-json\/wp\/v2\/product\/120177","targetHints":{"allow":["GET"]}}],"collection":[{"href":"https:\/\/games.tactic.net\/da\/wp-json\/wp\/v2\/product"}],"about":[{"href":"https:\/\/games.tactic.net\/da\/wp-json\/wp\/v2\/types\/product"}],"wp:attachment":[{"href":"https:\/\/games.tactic.net\/da\/wp-json\/wp\/v2\/media?parent=120177"}],"wp:term":[{"taxonomy":"product_brand","embeddable":true,"href":"https:\/\/games.tactic.net\/da\/wp-json\/wp\/v2\/product_brand?post=120177"},{"taxonomy":"product_cat","embeddable":true,"href":"https:\/\/games.tactic.net\/da\/wp-json\/wp\/v2\/product_cat?post=120177"},{"taxonomy":"product_tag","embeddable":true,"href":"https:\/\/games.tactic.net\/da\/wp-json\/wp\/v2\/product_tag?post=120177"},{"taxonomy":"brand","embeddable":true,"href":"https:\/\/games.tactic.net\/da\/wp-json\/wp\/v2\/brand?post=120177"},{"taxonomy":"target-group","embeddable":true,"href":"https:\/\/games.tactic.net\/da\/wp-json\/wp\/v2\/target-group?post=120177"},{"taxonomy":"discontinued","embeddable":true,"href":"https:\/\/games.tactic.net\/da\/wp-json\/wp\/v2\/discontinued?post=120177"}],"curies":[{"name":"wp","href":"https:\/\/api.w.org\/{rel}","templated":true}]}}