{"id":120162,"date":"2021-08-11T10:53:48","date_gmt":"2021-08-11T07:53:48","guid":{"rendered":"http:\/\/dev.tactic.net\/tuote\/laer-om-natur\/"},"modified":"2023-10-17T19:19:54","modified_gmt":"2023-10-17T16:19:54","slug":"laer-om-natur","status":"publish","type":"product","link":"https:\/\/games.tactic.net\/da\/tuote\/laer-om-natur\/","title":{"rendered":"Tactic L\u00e6r om Natur"},"content":{"rendered":"<p>Overalt byder naturen p\u00e5 utallige fascinerende vidundere og skabninger, som er sjove at l\u00e6re om. Pr\u00f8v at matche billederne der passer sammen og l\u00e6g dem i din egen s\u00e6sonramme. Hvis du matcher alle ni billeder korrekt, vil du se et flot billede p\u00e5 bagsiden af rammen. Den f\u00f8rste spiller med ni brikker i rammen vinder spillet.<\/p>\n","protected":false},"excerpt":{"rendered":"<p>Overalt byder naturen p\u00e5 utallige fascinerende vidundere og skabninger, som er sjove at l\u00e6re om. Pr\u00f8v at matche billederne der passer sammen og l\u00e6g dem i din egen s\u00e6sonramme. Hvis du matcher alle ni billeder korrekt, vil du se et flot billede p\u00e5 bagsiden af rammen. Den f\u00f8rste spiller med ni brikker i rammen vinder spillet.<\/p>\n","protected":false},"featured_media":0,"template":"","meta":{"content-type":"","_monsterinsights_skip_tracking":false,"_monsterinsights_sitenote_active":false,"_monsterinsights_sitenote_note":"","_monsterinsights_sitenote_category":0},"product_brand":[],"product_cat":[1590],"product_tag":[1256],"brand":[{"id":859,"name":"Let's Learn","slug":"letslearn-da"}],"target-group":[],"discontinued":[],"class_list":{"0":"post-120162","1":"product","2":"type-product","3":"status-publish","5":"product_cat-laeringsspil","6":"product_tag-paedagogisk-da","7":"brand-letslearn-da","9":"first","10":"instock","11":"taxable","12":"shipping-taxable","13":"product-type-simple"},"aioseo_notices":[],"_links":{"self":[{"href":"https:\/\/games.tactic.net\/da\/wp-json\/wp\/v2\/product\/120162","targetHints":{"allow":["GET"]}}],"collection":[{"href":"https:\/\/games.tactic.net\/da\/wp-json\/wp\/v2\/product"}],"about":[{"href":"https:\/\/games.tactic.net\/da\/wp-json\/wp\/v2\/types\/product"}],"wp:attachment":[{"href":"https:\/\/games.tactic.net\/da\/wp-json\/wp\/v2\/media?parent=120162"}],"wp:term":[{"taxonomy":"product_brand","embeddable":true,"href":"https:\/\/games.tactic.net\/da\/wp-json\/wp\/v2\/product_brand?post=120162"},{"taxonomy":"product_cat","embeddable":true,"href":"https:\/\/games.tactic.net\/da\/wp-json\/wp\/v2\/product_cat?post=120162"},{"taxonomy":"product_tag","embeddable":true,"href":"https:\/\/games.tactic.net\/da\/wp-json\/wp\/v2\/product_tag?post=120162"},{"taxonomy":"brand","embeddable":true,"href":"https:\/\/games.tactic.net\/da\/wp-json\/wp\/v2\/brand?post=120162"},{"taxonomy":"target-group","embeddable":true,"href":"https:\/\/games.tactic.net\/da\/wp-json\/wp\/v2\/target-group?post=120162"},{"taxonomy":"discontinued","embeddable":true,"href":"https:\/\/games.tactic.net\/da\/wp-json\/wp\/v2\/discontinued?post=120162"}],"curies":[{"name":"wp","href":"https:\/\/api.w.org\/{rel}","templated":true}]}}