{"id":120105,"date":"2021-08-11T10:51:47","date_gmt":"2021-08-11T07:51:47","guid":{"rendered":"http:\/\/dev.tactic.net\/tuote\/laer-om-bogstaver-og-ord\/"},"modified":"2023-10-17T19:11:27","modified_gmt":"2023-10-17T16:11:27","slug":"laer-om-bogstaver-og-ord","status":"publish","type":"product","link":"https:\/\/games.tactic.net\/da\/tuote\/laer-om-bogstaver-og-ord\/","title":{"rendered":"Tactic L\u00e6r om Bogstaver og ord"},"content":{"rendered":"<p>N\u00e5r b\u00f8rn udforsker bogstaver og ord, v\u00e6kkes deres naturlige nysgerrighed, og de vil engagere sig i spillet igen og igen. Fremmer tidlig udvikling af l\u00e6se- og stavef\u00e6rdigheder med 4 morsomme ordspil! Nemt og sjovt!<\/p>\n","protected":false},"excerpt":{"rendered":"<p>N\u00e5r b\u00f8rn udforsker bogstaver og ord, v\u00e6kkes deres naturlige nysgerrighed, og de vil engagere sig i spillet igen og igen. Fremmer tidlig udvikling af l\u00e6se- og stavef\u00e6rdigheder med 4 morsomme ordspil! Nemt og sjovt!<\/p>\n","protected":false},"featured_media":0,"template":"","meta":{"content-type":"","_monsterinsights_skip_tracking":false,"_monsterinsights_sitenote_active":false,"_monsterinsights_sitenote_note":"","_monsterinsights_sitenote_category":0},"product_brand":[],"product_cat":[1590],"product_tag":[389],"brand":[{"id":859,"name":"Let's Learn","slug":"letslearn-da"}],"target-group":[],"discontinued":[],"class_list":{"0":"post-120105","1":"product","2":"type-product","3":"status-publish","5":"product_cat-laeringsspil","6":"product_tag-paedagogisk","7":"brand-letslearn-da","9":"first","10":"instock","11":"taxable","12":"shipping-taxable","13":"product-type-simple"},"aioseo_notices":[],"_links":{"self":[{"href":"https:\/\/games.tactic.net\/da\/wp-json\/wp\/v2\/product\/120105","targetHints":{"allow":["GET"]}}],"collection":[{"href":"https:\/\/games.tactic.net\/da\/wp-json\/wp\/v2\/product"}],"about":[{"href":"https:\/\/games.tactic.net\/da\/wp-json\/wp\/v2\/types\/product"}],"wp:attachment":[{"href":"https:\/\/games.tactic.net\/da\/wp-json\/wp\/v2\/media?parent=120105"}],"wp:term":[{"taxonomy":"product_brand","embeddable":true,"href":"https:\/\/games.tactic.net\/da\/wp-json\/wp\/v2\/product_brand?post=120105"},{"taxonomy":"product_cat","embeddable":true,"href":"https:\/\/games.tactic.net\/da\/wp-json\/wp\/v2\/product_cat?post=120105"},{"taxonomy":"product_tag","embeddable":true,"href":"https:\/\/games.tactic.net\/da\/wp-json\/wp\/v2\/product_tag?post=120105"},{"taxonomy":"brand","embeddable":true,"href":"https:\/\/games.tactic.net\/da\/wp-json\/wp\/v2\/brand?post=120105"},{"taxonomy":"target-group","embeddable":true,"href":"https:\/\/games.tactic.net\/da\/wp-json\/wp\/v2\/target-group?post=120105"},{"taxonomy":"discontinued","embeddable":true,"href":"https:\/\/games.tactic.net\/da\/wp-json\/wp\/v2\/discontinued?post=120105"}],"curies":[{"name":"wp","href":"https:\/\/api.w.org\/{rel}","templated":true}]}}