{"id":120044,"date":"2021-08-10T18:47:37","date_gmt":"2021-08-10T15:47:37","guid":{"rendered":"http:\/\/dev.tactic.net\/tuote\/lumo-stars-dragonfly-drago-classic\/"},"modified":"2023-12-29T11:17:02","modified_gmt":"2023-12-29T09:17:02","slug":"lumo-stars-dragonfly-drago-classic","status":"archive","type":"product","link":"https:\/\/games.tactic.net\/da\/tuote\/lumo-stars-dragonfly-drago-classic\/","title":{"rendered":"Lumo Stars Dragonfly Drago &#8211; Classic"},"content":{"rendered":"<p>Classic 15 cm. Samlbar baby dyr plys. Glad, huggable, venlig, rar og s\u00f8d. Vi smiler mere! S\u00f8d Northern Brights plys kollektion er baseret p\u00e5 den \u00e6gte nordiske natur og dyreliv. Finsk design. Hej, du! Har du lyst til at l\u00f8be om kap med mig? Den f\u00f8rste p\u00e5 legepladsen vinder, kom nu! www.lumostars.com<\/p>\n","protected":false},"excerpt":{"rendered":"<p>Classic 15 cm.<\/p>\n","protected":false},"featured_media":0,"template":"","meta":{"content-type":"","_monsterinsights_skip_tracking":false,"_monsterinsights_sitenote_active":false,"_monsterinsights_sitenote_note":"","_monsterinsights_sitenote_category":0},"product_brand":[],"product_cat":[1640],"product_tag":[1262],"brand":[{"id":1020,"name":"Lumo Stars","slug":"lumo-stars_dk"}],"target-group":[],"discontinued":[],"class_list":{"0":"post-120044","1":"product","2":"type-product","3":"status-archive","5":"product_cat-classic-bamser-lumo-stars-6","6":"product_tag-lumo-stars-da","7":"brand-lumo-stars_dk","9":"first","10":"instock","11":"taxable","12":"shipping-taxable","13":"product-type-simple"},"aioseo_notices":[],"_links":{"self":[{"href":"https:\/\/games.tactic.net\/da\/wp-json\/wp\/v2\/product\/120044","targetHints":{"allow":["GET"]}}],"collection":[{"href":"https:\/\/games.tactic.net\/da\/wp-json\/wp\/v2\/product"}],"about":[{"href":"https:\/\/games.tactic.net\/da\/wp-json\/wp\/v2\/types\/product"}],"wp:attachment":[{"href":"https:\/\/games.tactic.net\/da\/wp-json\/wp\/v2\/media?parent=120044"}],"wp:term":[{"taxonomy":"product_brand","embeddable":true,"href":"https:\/\/games.tactic.net\/da\/wp-json\/wp\/v2\/product_brand?post=120044"},{"taxonomy":"product_cat","embeddable":true,"href":"https:\/\/games.tactic.net\/da\/wp-json\/wp\/v2\/product_cat?post=120044"},{"taxonomy":"product_tag","embeddable":true,"href":"https:\/\/games.tactic.net\/da\/wp-json\/wp\/v2\/product_tag?post=120044"},{"taxonomy":"brand","embeddable":true,"href":"https:\/\/games.tactic.net\/da\/wp-json\/wp\/v2\/brand?post=120044"},{"taxonomy":"target-group","embeddable":true,"href":"https:\/\/games.tactic.net\/da\/wp-json\/wp\/v2\/target-group?post=120044"},{"taxonomy":"discontinued","embeddable":true,"href":"https:\/\/games.tactic.net\/da\/wp-json\/wp\/v2\/discontinued?post=120044"}],"curies":[{"name":"wp","href":"https:\/\/api.w.org\/{rel}","templated":true}]}}