{"id":119882,"date":"2021-08-10T16:38:37","date_gmt":"2021-08-10T13:38:37","guid":{"rendered":"http:\/\/dev.tactic.net\/tuote\/15-minute-heist\/"},"modified":"2024-11-19T10:04:06","modified_gmt":"2024-11-19T08:04:06","slug":"15-minute-heist","status":"archive","type":"product","link":"https:\/\/games.tactic.net\/da\/tuote\/15-minute-heist\/","title":{"rendered":"Gamestorm 15 Minute Heist board game"},"content":{"rendered":"<p>I er en gruppe mestertyve, der vil stj\u00e6le den store guldskat. I skal hente guldet i hv\u00e6lvingen, transportere det op med elevatoren og selv slippe ud igen, inden alarmen g\u00e5r. For at klare dette job, skal I have et virkeligt godt samarbejde, for enten er alle vindere \u2013 eller tabere.<\/p>\n","protected":false},"excerpt":{"rendered":"<p>I er en gruppe mestertyve, der vil stj\u00e6le den store guldskat. I skal hente guldet i hv\u00e6lvingen, transportere det op med elevatoren og selv slippe ud igen, inden alarmen g\u00e5r. For at klare dette job, skal I have et virkeligt godt samarbejde, for enten er alle vindere \u2013 eller tabere.<\/p>\n","protected":false},"featured_media":0,"template":"","meta":{"content-type":"","_monsterinsights_skip_tracking":false,"_monsterinsights_sitenote_active":false,"_monsterinsights_sitenote_note":"","_monsterinsights_sitenote_category":0},"product_brand":[],"product_cat":[1600,1620],"product_tag":[1229,994],"brand":[{"id":885,"name":"Gamestorm Studio","slug":"gamestormstudio-da"}],"target-group":[],"discontinued":[],"class_list":{"0":"post-119882","1":"product","2":"type-product","3":"status-archive","5":"product_cat-strategiske-spil-voksenspil","6":"product_cat-strategiske-spil-familiespil","7":"product_tag-hastighed-da","8":"product_tag-sammen","9":"brand-gamestormstudio-da","11":"first","12":"outofstock","13":"taxable","14":"shipping-taxable","15":"product-type-simple"},"aioseo_notices":[],"_links":{"self":[{"href":"https:\/\/games.tactic.net\/da\/wp-json\/wp\/v2\/product\/119882","targetHints":{"allow":["GET"]}}],"collection":[{"href":"https:\/\/games.tactic.net\/da\/wp-json\/wp\/v2\/product"}],"about":[{"href":"https:\/\/games.tactic.net\/da\/wp-json\/wp\/v2\/types\/product"}],"wp:attachment":[{"href":"https:\/\/games.tactic.net\/da\/wp-json\/wp\/v2\/media?parent=119882"}],"wp:term":[{"taxonomy":"product_brand","embeddable":true,"href":"https:\/\/games.tactic.net\/da\/wp-json\/wp\/v2\/product_brand?post=119882"},{"taxonomy":"product_cat","embeddable":true,"href":"https:\/\/games.tactic.net\/da\/wp-json\/wp\/v2\/product_cat?post=119882"},{"taxonomy":"product_tag","embeddable":true,"href":"https:\/\/games.tactic.net\/da\/wp-json\/wp\/v2\/product_tag?post=119882"},{"taxonomy":"brand","embeddable":true,"href":"https:\/\/games.tactic.net\/da\/wp-json\/wp\/v2\/brand?post=119882"},{"taxonomy":"target-group","embeddable":true,"href":"https:\/\/games.tactic.net\/da\/wp-json\/wp\/v2\/target-group?post=119882"},{"taxonomy":"discontinued","embeddable":true,"href":"https:\/\/games.tactic.net\/da\/wp-json\/wp\/v2\/discontinued?post=119882"}],"curies":[{"name":"wp","href":"https:\/\/api.w.org\/{rel}","templated":true}]}}