{"id":119853,"date":"2021-08-10T16:36:49","date_gmt":"2021-08-10T13:36:49","guid":{"rendered":"http:\/\/dev.tactic.net\/tuote\/arctic-race\/"},"modified":"2024-12-04T10:36:52","modified_gmt":"2024-12-04T08:36:52","slug":"arctic-race","status":"archive","type":"product","link":"https:\/\/games.tactic.net\/da\/tuote\/arctic-race\/","title":{"rendered":"Gamestorm Arctic Race"},"content":{"rendered":"<p>I dette snekl\u00e6dte og fascinerende eventyr skal du f\u00f8re dine to hundesl\u00e6der til Nordpolen f\u00f8rst. Din rejse er farlig, og dine modstandere l\u00e6gger forhindringer i vejen. Brug dit udstyr klogt og strategisk for at vinde over de andre i det sp\u00e6ndende kapl\u00f8b. Hundesl\u00e6debrikker af tr\u00e6 Spillets varighed kan justeres med den evigt skiftende spilleplade. Herlig morskab for hele familien.<\/p>\n","protected":false},"excerpt":{"rendered":"<p>I dette snekl\u00e6dte og fascinerende eventyr skal du f\u00f8re dine to hundesl\u00e6der til Nordpolen f\u00f8rst. Din rejse er farlig, og dine modstandere l\u00e6gger forhindringer i vejen. Brug dit udstyr klogt og strategisk for at vinde over de andre i det sp\u00e6ndende kapl\u00f8b. Hundesl\u00e6debrikker af tr\u00e6 Spillets varighed kan justeres med den evigt skiftende spilleplade. Herlig [&hellip;]<\/p>\n","protected":false},"featured_media":0,"template":"","meta":{"content-type":"","_monsterinsights_skip_tracking":false,"_monsterinsights_sitenote_active":false,"_monsterinsights_sitenote_note":"","_monsterinsights_sitenote_category":0},"product_brand":[],"product_cat":[1620,1600],"product_tag":[352],"brand":[{"id":885,"name":"Gamestorm Studio","slug":"gamestormstudio-da"}],"target-group":[],"discontinued":[],"class_list":{"0":"post-119853","1":"product","2":"type-product","3":"status-archive","5":"product_cat-strategiske-spil-familiespil","6":"product_cat-strategiske-spil-voksenspil","7":"product_tag-strategi","8":"brand-gamestormstudio-da","10":"first","11":"outofstock","12":"taxable","13":"shipping-taxable","14":"product-type-simple"},"aioseo_notices":[],"_links":{"self":[{"href":"https:\/\/games.tactic.net\/da\/wp-json\/wp\/v2\/product\/119853","targetHints":{"allow":["GET"]}}],"collection":[{"href":"https:\/\/games.tactic.net\/da\/wp-json\/wp\/v2\/product"}],"about":[{"href":"https:\/\/games.tactic.net\/da\/wp-json\/wp\/v2\/types\/product"}],"wp:attachment":[{"href":"https:\/\/games.tactic.net\/da\/wp-json\/wp\/v2\/media?parent=119853"}],"wp:term":[{"taxonomy":"product_brand","embeddable":true,"href":"https:\/\/games.tactic.net\/da\/wp-json\/wp\/v2\/product_brand?post=119853"},{"taxonomy":"product_cat","embeddable":true,"href":"https:\/\/games.tactic.net\/da\/wp-json\/wp\/v2\/product_cat?post=119853"},{"taxonomy":"product_tag","embeddable":true,"href":"https:\/\/games.tactic.net\/da\/wp-json\/wp\/v2\/product_tag?post=119853"},{"taxonomy":"brand","embeddable":true,"href":"https:\/\/games.tactic.net\/da\/wp-json\/wp\/v2\/brand?post=119853"},{"taxonomy":"target-group","embeddable":true,"href":"https:\/\/games.tactic.net\/da\/wp-json\/wp\/v2\/target-group?post=119853"},{"taxonomy":"discontinued","embeddable":true,"href":"https:\/\/games.tactic.net\/da\/wp-json\/wp\/v2\/discontinued?post=119853"}],"curies":[{"name":"wp","href":"https:\/\/api.w.org\/{rel}","templated":true}]}}