{"id":119823,"date":"2021-08-10T16:35:34","date_gmt":"2021-08-10T13:35:34","guid":{"rendered":"http:\/\/dev.tactic.net\/tuote\/canal-king-beijing\/"},"modified":"2023-06-30T12:52:30","modified_gmt":"2023-06-30T09:52:30","slug":"canal-king-beijing","status":"archive","type":"product","link":"https:\/\/games.tactic.net\/da\/tuote\/canal-king-beijing\/","title":{"rendered":"Canal King Beijing"},"content":{"rendered":"<div class=\"page\" title=\"Page 11\">\n<div class=\"section\">\n<div class=\"layoutArea\">\n<div class=\"column\">\n<p><span style=\"font-size: 9.000000pt;font-family: 'MyriadPro'\">Rejs til det kejserlige Kina og g\u00f8r dig klar til en vild<br \/>\nkamp. I Canal King Beijing er spillerne smuglere, der<br \/>\npr\u00f8ver at transportere deres smuglergods p\u00e5 Beijings<br \/>\nkanaler. Dette job kr\u00e6ver en del snedighed, s\u00e5 hold<br \/>\ngodt \u00f8je med dine modstandere, men husk at t\u00e6nke<br \/>\np\u00e5 loven. Canal King Beijing er et familiespil med en<br \/>\nekstra dimension strategi.<\/span><\/p>\n<\/p><\/div>\n<\/p><\/div>\n<\/p><\/div>\n<\/p><\/div>\n","protected":false},"excerpt":{"rendered":"<p>Rejs til det kejserlige Kina og g\u00f8r dig klar til en vild kamp. I Canal King Beijing er spillerne smuglere, der pr\u00f8ver at transportere deres smuglergods p\u00e5 Beijings kanaler. Dette job kr\u00e6ver en del snedighed, s\u00e5 hold godt \u00f8je med dine modstandere, men husk at t\u00e6nke p\u00e5 loven. Canal King Beijing er et familiespil med [&hellip;]<\/p>\n","protected":false},"featured_media":0,"template":"","meta":{"content-type":"","_monsterinsights_skip_tracking":false,"_monsterinsights_sitenote_active":false,"_monsterinsights_sitenote_note":"","_monsterinsights_sitenote_category":0},"product_brand":[],"product_cat":[1455],"product_tag":[1237],"brand":[{"id":885,"name":"Gamestorm Studio","slug":"gamestormstudio-da"}],"target-group":[],"discontinued":[],"class_list":{"0":"post-119823","1":"product","2":"type-product","3":"status-archive","5":"product_cat-braetspil","6":"product_tag-strategi-da","7":"brand-gamestormstudio-da","9":"first","10":"outofstock","11":"taxable","12":"shipping-taxable","13":"product-type-simple"},"aioseo_notices":[],"_links":{"self":[{"href":"https:\/\/games.tactic.net\/da\/wp-json\/wp\/v2\/product\/119823","targetHints":{"allow":["GET"]}}],"collection":[{"href":"https:\/\/games.tactic.net\/da\/wp-json\/wp\/v2\/product"}],"about":[{"href":"https:\/\/games.tactic.net\/da\/wp-json\/wp\/v2\/types\/product"}],"wp:attachment":[{"href":"https:\/\/games.tactic.net\/da\/wp-json\/wp\/v2\/media?parent=119823"}],"wp:term":[{"taxonomy":"product_brand","embeddable":true,"href":"https:\/\/games.tactic.net\/da\/wp-json\/wp\/v2\/product_brand?post=119823"},{"taxonomy":"product_cat","embeddable":true,"href":"https:\/\/games.tactic.net\/da\/wp-json\/wp\/v2\/product_cat?post=119823"},{"taxonomy":"product_tag","embeddable":true,"href":"https:\/\/games.tactic.net\/da\/wp-json\/wp\/v2\/product_tag?post=119823"},{"taxonomy":"brand","embeddable":true,"href":"https:\/\/games.tactic.net\/da\/wp-json\/wp\/v2\/brand?post=119823"},{"taxonomy":"target-group","embeddable":true,"href":"https:\/\/games.tactic.net\/da\/wp-json\/wp\/v2\/target-group?post=119823"},{"taxonomy":"discontinued","embeddable":true,"href":"https:\/\/games.tactic.net\/da\/wp-json\/wp\/v2\/discontinued?post=119823"}],"curies":[{"name":"wp","href":"https:\/\/api.w.org\/{rel}","templated":true}]}}