{"id":119808,"date":"2021-08-10T16:34:15","date_gmt":"2021-08-10T13:34:15","guid":{"rendered":"http:\/\/dev.tactic.net\/tuote\/seas-of-fortune\/"},"modified":"2025-07-17T08:50:23","modified_gmt":"2025-07-17T05:50:23","slug":"seas-of-fortune","status":"archive","type":"product","link":"https:\/\/games.tactic.net\/da\/tuote\/seas-of-fortune\/","title":{"rendered":"Gamestorm Seas of Fortune board game"},"content":{"rendered":"<p>Hanseforbundet dominerer al handel i Nordeuropa, og k\u00f8bm\u00e6ndene befinder sig i h\u00e5rd konkurrence. Ans\u00e6t et mandskab, fyld dit skib med varer, s\u00e6lg dem til forskellige byer og tjen flest penge. Men v\u00e6lg dit mandskab og din last n\u00f8je, for det p\u00e5virker skibets fart og antallet af s\u00f8lvmark i din pung.<\/p>\n","protected":false},"excerpt":{"rendered":"<p>Hanseforbundet dominerer al handel i Nordeuropa, og k\u00f8bm\u00e6ndene befinder sig i h\u00e5rd konkurrence. Ans\u00e6t et mandskab, fyld dit skib med varer, s\u00e6lg dem til forskellige byer og tjen flest penge. Men v\u00e6lg dit mandskab og din last n\u00f8je, for det p\u00e5virker skibets fart og antallet af s\u00f8lvmark i din pung.<\/p>\n","protected":false},"featured_media":0,"template":"","meta":{"content-type":"","_monsterinsights_skip_tracking":false,"_monsterinsights_sitenote_active":false,"_monsterinsights_sitenote_note":"","_monsterinsights_sitenote_category":0},"product_brand":[],"product_cat":[1620,1600],"product_tag":[1237],"brand":[{"id":885,"name":"Gamestorm Studio","slug":"gamestormstudio-da"}],"target-group":[],"discontinued":[],"class_list":{"0":"post-119808","1":"product","2":"type-product","3":"status-archive","5":"product_cat-strategiske-spil-familiespil","6":"product_cat-strategiske-spil-voksenspil","7":"product_tag-strategi-da","8":"brand-gamestormstudio-da","10":"first","11":"outofstock","12":"taxable","13":"shipping-taxable","14":"product-type-simple"},"aioseo_notices":[],"_links":{"self":[{"href":"https:\/\/games.tactic.net\/da\/wp-json\/wp\/v2\/product\/119808","targetHints":{"allow":["GET"]}}],"collection":[{"href":"https:\/\/games.tactic.net\/da\/wp-json\/wp\/v2\/product"}],"about":[{"href":"https:\/\/games.tactic.net\/da\/wp-json\/wp\/v2\/types\/product"}],"wp:attachment":[{"href":"https:\/\/games.tactic.net\/da\/wp-json\/wp\/v2\/media?parent=119808"}],"wp:term":[{"taxonomy":"product_brand","embeddable":true,"href":"https:\/\/games.tactic.net\/da\/wp-json\/wp\/v2\/product_brand?post=119808"},{"taxonomy":"product_cat","embeddable":true,"href":"https:\/\/games.tactic.net\/da\/wp-json\/wp\/v2\/product_cat?post=119808"},{"taxonomy":"product_tag","embeddable":true,"href":"https:\/\/games.tactic.net\/da\/wp-json\/wp\/v2\/product_tag?post=119808"},{"taxonomy":"brand","embeddable":true,"href":"https:\/\/games.tactic.net\/da\/wp-json\/wp\/v2\/brand?post=119808"},{"taxonomy":"target-group","embeddable":true,"href":"https:\/\/games.tactic.net\/da\/wp-json\/wp\/v2\/target-group?post=119808"},{"taxonomy":"discontinued","embeddable":true,"href":"https:\/\/games.tactic.net\/da\/wp-json\/wp\/v2\/discontinued?post=119808"}],"curies":[{"name":"wp","href":"https:\/\/api.w.org\/{rel}","templated":true}]}}