{"id":119750,"date":"2021-08-10T16:33:02","date_gmt":"2021-08-10T13:33:02","guid":{"rendered":"http:\/\/dev.tactic.net\/tuote\/kimble-twist\/"},"modified":"2023-10-25T16:22:22","modified_gmt":"2023-10-25T13:22:22","slug":"kimble-twist","status":"publish","type":"product","link":"https:\/\/games.tactic.net\/da\/tuote\/kimble-twist\/","title":{"rendered":"Tactic Kimble Twist board game"},"content":{"rendered":"<p>Er du klar til at jage? Det elskede ludo er forvandlet og byder p\u00e5 nye overraskelser. R\u00e6s rundt p\u00e5 spillepladen for at f\u00e5 dine brikker i m\u00e5l, men pas p\u00e5 for ruten vender, og spillepladen byder p\u00e5 andre overraskelser.<\/p>\n","protected":false},"excerpt":{"rendered":"<p>Er du klar til at jage? Det elskede ludo er forvandlet og byder p\u00e5 nye overraskelser. R\u00e6s rundt p\u00e5 spillepladen for at f\u00e5 dine brikker i m\u00e5l, men pas p\u00e5 for ruten vender, og spillepladen byder p\u00e5 andre overraskelser.<\/p>\n","protected":false},"featured_media":0,"template":"","meta":{"content-type":"","_monsterinsights_skip_tracking":false,"_monsterinsights_sitenote_active":false,"_monsterinsights_sitenote_note":"","_monsterinsights_sitenote_category":0},"product_brand":[],"product_cat":[1455],"product_tag":[1002,1237,895],"brand":[{"id":1001,"name":"Kimble","slug":"kimble-2"}],"target-group":[],"discontinued":[],"class_list":{"0":"post-119750","1":"product","2":"type-product","3":"status-publish","5":"product_cat-braetspil","6":"product_tag-held","7":"product_tag-strategi-da","8":"product_tag-taktik","9":"brand-kimble-2","11":"first","12":"instock","13":"taxable","14":"shipping-taxable","15":"product-type-simple"},"aioseo_notices":[],"_links":{"self":[{"href":"https:\/\/games.tactic.net\/da\/wp-json\/wp\/v2\/product\/119750","targetHints":{"allow":["GET"]}}],"collection":[{"href":"https:\/\/games.tactic.net\/da\/wp-json\/wp\/v2\/product"}],"about":[{"href":"https:\/\/games.tactic.net\/da\/wp-json\/wp\/v2\/types\/product"}],"wp:attachment":[{"href":"https:\/\/games.tactic.net\/da\/wp-json\/wp\/v2\/media?parent=119750"}],"wp:term":[{"taxonomy":"product_brand","embeddable":true,"href":"https:\/\/games.tactic.net\/da\/wp-json\/wp\/v2\/product_brand?post=119750"},{"taxonomy":"product_cat","embeddable":true,"href":"https:\/\/games.tactic.net\/da\/wp-json\/wp\/v2\/product_cat?post=119750"},{"taxonomy":"product_tag","embeddable":true,"href":"https:\/\/games.tactic.net\/da\/wp-json\/wp\/v2\/product_tag?post=119750"},{"taxonomy":"brand","embeddable":true,"href":"https:\/\/games.tactic.net\/da\/wp-json\/wp\/v2\/brand?post=119750"},{"taxonomy":"target-group","embeddable":true,"href":"https:\/\/games.tactic.net\/da\/wp-json\/wp\/v2\/target-group?post=119750"},{"taxonomy":"discontinued","embeddable":true,"href":"https:\/\/games.tactic.net\/da\/wp-json\/wp\/v2\/discontinued?post=119750"}],"curies":[{"name":"wp","href":"https:\/\/api.w.org\/{rel}","templated":true}]}}