{"id":119619,"date":"2021-08-10T16:11:11","date_gmt":"2021-08-10T13:11:11","guid":{"rendered":"http:\/\/dev.tactic.net\/tuote\/flugten-fra-spoegelsesslottet\/"},"modified":"2023-10-17T16:41:36","modified_gmt":"2023-10-17T13:41:36","slug":"flugten-fra-spoegelsesslottet","status":"publish","type":"product","link":"https:\/\/games.tactic.net\/da\/tuote\/flugten-fra-spoegelsesslottet\/","title":{"rendered":"Tactic Flugten fra sp\u00f8gelsesslottet"},"content":{"rendered":"<p>Der er gys i luften! Gem dig i et mystisk slot og undg\u00e5 sp\u00f8gelserne, som vil fange dig. Dette uhyggelige eventyr for hele familien sender en spiller ind i slottet, som skal gemme sig der, mens de andre er sp\u00f8gelser, der skal finde gemmestedet. Der er masser af sp\u00e6nding, da b\u00e5de den der gemmer sig, og dem der s\u00f8ger samler point fra start til slut. Hvem mon sejrer?<\/p>\n","protected":false},"excerpt":{"rendered":"<p>Der er gys i luften! Gem dig i et mystisk slot og undg\u00e5 sp\u00f8gelserne, som vil fange dig. Dette uhyggelige eventyr for hele familien sender en spiller ind i slottet, som skal gemme sig der, mens de andre er sp\u00f8gelser, der skal finde gemmestedet. Der er masser af sp\u00e6nding, da b\u00e5de den der gemmer sig, [&hellip;]<\/p>\n","protected":false},"featured_media":0,"template":"","meta":{"content-type":"","_monsterinsights_skip_tracking":false,"_monsterinsights_sitenote_active":false,"_monsterinsights_sitenote_note":"","_monsterinsights_sitenote_category":0},"product_brand":[],"product_cat":[1455],"product_tag":[1002,1237],"brand":[],"target-group":[],"discontinued":[],"class_list":{"0":"post-119619","1":"product","2":"type-product","3":"status-publish","5":"product_cat-braetspil","6":"product_tag-held","7":"product_tag-strategi-da","9":"first","10":"instock","11":"taxable","12":"shipping-taxable","13":"product-type-simple"},"aioseo_notices":[],"_links":{"self":[{"href":"https:\/\/games.tactic.net\/da\/wp-json\/wp\/v2\/product\/119619","targetHints":{"allow":["GET"]}}],"collection":[{"href":"https:\/\/games.tactic.net\/da\/wp-json\/wp\/v2\/product"}],"about":[{"href":"https:\/\/games.tactic.net\/da\/wp-json\/wp\/v2\/types\/product"}],"wp:attachment":[{"href":"https:\/\/games.tactic.net\/da\/wp-json\/wp\/v2\/media?parent=119619"}],"wp:term":[{"taxonomy":"product_brand","embeddable":true,"href":"https:\/\/games.tactic.net\/da\/wp-json\/wp\/v2\/product_brand?post=119619"},{"taxonomy":"product_cat","embeddable":true,"href":"https:\/\/games.tactic.net\/da\/wp-json\/wp\/v2\/product_cat?post=119619"},{"taxonomy":"product_tag","embeddable":true,"href":"https:\/\/games.tactic.net\/da\/wp-json\/wp\/v2\/product_tag?post=119619"},{"taxonomy":"brand","embeddable":true,"href":"https:\/\/games.tactic.net\/da\/wp-json\/wp\/v2\/brand?post=119619"},{"taxonomy":"target-group","embeddable":true,"href":"https:\/\/games.tactic.net\/da\/wp-json\/wp\/v2\/target-group?post=119619"},{"taxonomy":"discontinued","embeddable":true,"href":"https:\/\/games.tactic.net\/da\/wp-json\/wp\/v2\/discontinued?post=119619"}],"curies":[{"name":"wp","href":"https:\/\/api.w.org\/{rel}","templated":true}]}}