{"id":119617,"date":"2021-08-10T16:07:12","date_gmt":"2021-08-10T13:07:12","guid":{"rendered":"http:\/\/dev.tactic.net\/tuote\/pirat-ludo\/"},"modified":"2025-11-21T09:57:17","modified_gmt":"2025-11-21T07:57:17","slug":"pirat-ludo","status":"archive","type":"product","link":"https:\/\/games.tactic.net\/da\/tuote\/pirat-ludo\/","title":{"rendered":"Tactic Kimble Pirate board game"},"content":{"rendered":"<p>Klik p\u00e5 terningen midt p\u00e5 spillepladen og ryk dine brikker p\u00e5 banen. Den f\u00f8rste spiller, med alle fire brikker hele vejen rundt p\u00e5 spillepladen, vinder spillet..<br \/>\nIndhold: spilleplade med indbygget terning, 16 brikker og regler.<\/p>\n","protected":false},"excerpt":{"rendered":"<p>Piraterne er klar til et vildt r\u00e6s. Tryk p\u00e5 terningen midt p\u00e5 spillepladen og flyt dine brikker rundt p\u00e5 banen. F\u00f8rste spiller med alle fire brikker hele pladen rundt vinder spillet.<\/p>\n","protected":false},"featured_media":0,"template":"","meta":{"content-type":"","_monsterinsights_skip_tracking":false,"_monsterinsights_sitenote_active":false,"_monsterinsights_sitenote_note":"","_monsterinsights_sitenote_category":0},"product_brand":[],"product_cat":[1574],"product_tag":[895],"brand":[{"id":1001,"name":"Kimble","slug":"kimble-2"}],"target-group":[],"discontinued":[],"class_list":{"0":"post-119617","1":"product","2":"type-product","3":"status-archive","5":"product_cat-boerne-braetspil","6":"product_tag-taktik","7":"brand-kimble-2","9":"first","10":"outofstock","11":"taxable","12":"shipping-taxable","13":"product-type-simple"},"aioseo_notices":[],"_links":{"self":[{"href":"https:\/\/games.tactic.net\/da\/wp-json\/wp\/v2\/product\/119617","targetHints":{"allow":["GET"]}}],"collection":[{"href":"https:\/\/games.tactic.net\/da\/wp-json\/wp\/v2\/product"}],"about":[{"href":"https:\/\/games.tactic.net\/da\/wp-json\/wp\/v2\/types\/product"}],"wp:attachment":[{"href":"https:\/\/games.tactic.net\/da\/wp-json\/wp\/v2\/media?parent=119617"}],"wp:term":[{"taxonomy":"product_brand","embeddable":true,"href":"https:\/\/games.tactic.net\/da\/wp-json\/wp\/v2\/product_brand?post=119617"},{"taxonomy":"product_cat","embeddable":true,"href":"https:\/\/games.tactic.net\/da\/wp-json\/wp\/v2\/product_cat?post=119617"},{"taxonomy":"product_tag","embeddable":true,"href":"https:\/\/games.tactic.net\/da\/wp-json\/wp\/v2\/product_tag?post=119617"},{"taxonomy":"brand","embeddable":true,"href":"https:\/\/games.tactic.net\/da\/wp-json\/wp\/v2\/brand?post=119617"},{"taxonomy":"target-group","embeddable":true,"href":"https:\/\/games.tactic.net\/da\/wp-json\/wp\/v2\/target-group?post=119617"},{"taxonomy":"discontinued","embeddable":true,"href":"https:\/\/games.tactic.net\/da\/wp-json\/wp\/v2\/discontinued?post=119617"}],"curies":[{"name":"wp","href":"https:\/\/api.w.org\/{rel}","templated":true}]}}