{"id":119588,"date":"2021-08-10T16:06:10","date_gmt":"2021-08-10T13:06:10","guid":{"rendered":"http:\/\/dev.tactic.net\/tuote\/amazing-maze\/"},"modified":"2024-03-12T08:53:06","modified_gmt":"2024-03-12T06:53:06","slug":"amazing-maze","status":"archive","type":"product","link":"https:\/\/games.tactic.net\/da\/tuote\/amazing-maze\/","title":{"rendered":"Amazing Maze"},"content":{"rendered":"<p>Har du nogensinde pr\u00f8vet at tegne med bind for \u00f8jnene? Dette spil er liges\u00e5 tosset, som det ser ud. Fantastiske labyrinter indeholder seks forskellige labyrinter, og det er op til spillerne at tegne en streg fra start til m\u00e5l. Du m\u00e5 ikke ramme labyrintens v\u00e6gge, og en lyd fra pruttepuden kan afslutte din tur. Den bedste blindtegner vinder spillet.<\/p>\n","protected":false},"excerpt":{"rendered":"<p>Tegn dig gennem drillende forhindringer \u2013 i blinde! Tag masken p\u00e5 og tegn en linje gennem en jungle, en fjern galakse og andre super sjove labyrinter. N\u00e5r din pen rammer en v\u00e6g, er din rejse forbi indtil din n\u00e6ste tur.<\/p>\n","protected":false},"featured_media":0,"template":"","meta":{"content-type":"","_monsterinsights_skip_tracking":false,"_monsterinsights_sitenote_active":false,"_monsterinsights_sitenote_note":"","_monsterinsights_sitenote_category":0},"product_brand":[],"product_cat":[1455,1574],"product_tag":[1250,1002],"brand":[],"target-group":[],"discontinued":[],"class_list":{"0":"post-119588","1":"product","2":"type-product","3":"status-archive","5":"product_cat-braetspil","6":"product_cat-boerne-braetspil","7":"product_tag-faerdighed-da","8":"product_tag-held","10":"first","11":"outofstock","12":"taxable","13":"shipping-taxable","14":"product-type-simple"},"aioseo_notices":[],"_links":{"self":[{"href":"https:\/\/games.tactic.net\/da\/wp-json\/wp\/v2\/product\/119588","targetHints":{"allow":["GET"]}}],"collection":[{"href":"https:\/\/games.tactic.net\/da\/wp-json\/wp\/v2\/product"}],"about":[{"href":"https:\/\/games.tactic.net\/da\/wp-json\/wp\/v2\/types\/product"}],"wp:attachment":[{"href":"https:\/\/games.tactic.net\/da\/wp-json\/wp\/v2\/media?parent=119588"}],"wp:term":[{"taxonomy":"product_brand","embeddable":true,"href":"https:\/\/games.tactic.net\/da\/wp-json\/wp\/v2\/product_brand?post=119588"},{"taxonomy":"product_cat","embeddable":true,"href":"https:\/\/games.tactic.net\/da\/wp-json\/wp\/v2\/product_cat?post=119588"},{"taxonomy":"product_tag","embeddable":true,"href":"https:\/\/games.tactic.net\/da\/wp-json\/wp\/v2\/product_tag?post=119588"},{"taxonomy":"brand","embeddable":true,"href":"https:\/\/games.tactic.net\/da\/wp-json\/wp\/v2\/brand?post=119588"},{"taxonomy":"target-group","embeddable":true,"href":"https:\/\/games.tactic.net\/da\/wp-json\/wp\/v2\/target-group?post=119588"},{"taxonomy":"discontinued","embeddable":true,"href":"https:\/\/games.tactic.net\/da\/wp-json\/wp\/v2\/discontinued?post=119588"}],"curies":[{"name":"wp","href":"https:\/\/api.w.org\/{rel}","templated":true}]}}