{"id":119503,"date":"2021-08-10T16:04:29","date_gmt":"2021-08-10T13:04:29","guid":{"rendered":"http:\/\/dev.tactic.net\/tuote\/pirat-saenke-slagskibe\/"},"modified":"2025-11-21T09:56:00","modified_gmt":"2025-11-21T07:56:00","slug":"pirat-saenke-slagskibe","status":"archive","type":"product","link":"https:\/\/games.tactic.net\/da\/tuote\/pirat-saenke-slagskibe\/","title":{"rendered":"Tactic Pirat S\u00e6nke Slagskibe"},"content":{"rendered":"<p>Det klassiske sp\u00e6ndende 2-mandspil med tropiske pirater. Find og s\u00e6nk modstanderens slagskibe inden dine egne bliver fundet.<\/p>\n","protected":false},"excerpt":{"rendered":"<p>Det klassiske sp\u00e6ndende 2-mandspil med tropiske pirater. Find og s\u00e6nk modstanderens slagskibe inden dine egne bliver fundet.<\/p>\n","protected":false},"featured_media":0,"template":"","meta":{"content-type":"","_monsterinsights_skip_tracking":false,"_monsterinsights_sitenote_active":false,"_monsterinsights_sitenote_note":"","_monsterinsights_sitenote_category":0},"product_brand":[],"product_cat":[1574],"product_tag":[994,1237],"brand":[],"target-group":[],"discontinued":[],"class_list":{"0":"post-119503","1":"product","2":"type-product","3":"status-archive","5":"product_cat-boerne-braetspil","6":"product_tag-sammen","7":"product_tag-strategi-da","9":"first","10":"outofstock","11":"taxable","12":"shipping-taxable","13":"product-type-simple"},"aioseo_notices":[],"_links":{"self":[{"href":"https:\/\/games.tactic.net\/da\/wp-json\/wp\/v2\/product\/119503","targetHints":{"allow":["GET"]}}],"collection":[{"href":"https:\/\/games.tactic.net\/da\/wp-json\/wp\/v2\/product"}],"about":[{"href":"https:\/\/games.tactic.net\/da\/wp-json\/wp\/v2\/types\/product"}],"wp:attachment":[{"href":"https:\/\/games.tactic.net\/da\/wp-json\/wp\/v2\/media?parent=119503"}],"wp:term":[{"taxonomy":"product_brand","embeddable":true,"href":"https:\/\/games.tactic.net\/da\/wp-json\/wp\/v2\/product_brand?post=119503"},{"taxonomy":"product_cat","embeddable":true,"href":"https:\/\/games.tactic.net\/da\/wp-json\/wp\/v2\/product_cat?post=119503"},{"taxonomy":"product_tag","embeddable":true,"href":"https:\/\/games.tactic.net\/da\/wp-json\/wp\/v2\/product_tag?post=119503"},{"taxonomy":"brand","embeddable":true,"href":"https:\/\/games.tactic.net\/da\/wp-json\/wp\/v2\/brand?post=119503"},{"taxonomy":"target-group","embeddable":true,"href":"https:\/\/games.tactic.net\/da\/wp-json\/wp\/v2\/target-group?post=119503"},{"taxonomy":"discontinued","embeddable":true,"href":"https:\/\/games.tactic.net\/da\/wp-json\/wp\/v2\/discontinued?post=119503"}],"curies":[{"name":"wp","href":"https:\/\/api.w.org\/{rel}","templated":true}]}}