{"id":119474,"date":"2021-08-10T16:03:36","date_gmt":"2021-08-10T13:03:36","guid":{"rendered":"http:\/\/dev.tactic.net\/tuote\/pirat-skattejagt\/"},"modified":"2025-11-21T09:55:22","modified_gmt":"2025-11-21T07:55:22","slug":"pirat-skattejagt","status":"archive","type":"product","link":"https:\/\/games.tactic.net\/da\/tuote\/pirat-skattejagt\/","title":{"rendered":"Tactic Pirat Skattejagt"},"content":{"rendered":"<p>Det har aldrig v\u00e6ret nemmere at planl\u00e6gge en skattejagt. Tegn, skriv eller marker ledetr\u00e5de p\u00e5 tavlerne, gem dem for piraterne og forts\u00e6t videre mod skatten. Uanset om skattejagten foreg\u00e5r inden- eller udend\u00f8rs, er dette en herlig m\u00e5de at aktivere b\u00f8rn p\u00e5.<\/p>\n","protected":false},"excerpt":{"rendered":"<p>Det har aldrig v\u00e6ret nemmere at planl\u00e6gge en skattejagt. Tegn, skriv eller marker ledetr\u00e5de p\u00e5 tavlerne, gem dem for piraterne og forts\u00e6t videre mod skatten. Uanset om skattejagten foreg\u00e5r inden- eller udend\u00f8rs, er dette en herlig m\u00e5de at aktivere b\u00f8rn p\u00e5.<\/p>\n","protected":false},"featured_media":0,"template":"","meta":{"content-type":"","_monsterinsights_skip_tracking":false,"_monsterinsights_sitenote_active":false,"_monsterinsights_sitenote_note":"","_monsterinsights_sitenote_category":0},"product_brand":[],"product_cat":[1636],"product_tag":[1228],"brand":[],"target-group":[],"discontinued":[],"class_list":{"0":"post-119474","1":"product","2":"type-product","3":"status-archive","5":"product_cat-andre-udendoers-spil","6":"product_tag-kreativitet-da","8":"first","9":"outofstock","10":"taxable","11":"shipping-taxable","12":"product-type-simple"},"aioseo_notices":[],"_links":{"self":[{"href":"https:\/\/games.tactic.net\/da\/wp-json\/wp\/v2\/product\/119474","targetHints":{"allow":["GET"]}}],"collection":[{"href":"https:\/\/games.tactic.net\/da\/wp-json\/wp\/v2\/product"}],"about":[{"href":"https:\/\/games.tactic.net\/da\/wp-json\/wp\/v2\/types\/product"}],"wp:attachment":[{"href":"https:\/\/games.tactic.net\/da\/wp-json\/wp\/v2\/media?parent=119474"}],"wp:term":[{"taxonomy":"product_brand","embeddable":true,"href":"https:\/\/games.tactic.net\/da\/wp-json\/wp\/v2\/product_brand?post=119474"},{"taxonomy":"product_cat","embeddable":true,"href":"https:\/\/games.tactic.net\/da\/wp-json\/wp\/v2\/product_cat?post=119474"},{"taxonomy":"product_tag","embeddable":true,"href":"https:\/\/games.tactic.net\/da\/wp-json\/wp\/v2\/product_tag?post=119474"},{"taxonomy":"brand","embeddable":true,"href":"https:\/\/games.tactic.net\/da\/wp-json\/wp\/v2\/brand?post=119474"},{"taxonomy":"target-group","embeddable":true,"href":"https:\/\/games.tactic.net\/da\/wp-json\/wp\/v2\/target-group?post=119474"},{"taxonomy":"discontinued","embeddable":true,"href":"https:\/\/games.tactic.net\/da\/wp-json\/wp\/v2\/discontinued?post=119474"}],"curies":[{"name":"wp","href":"https:\/\/api.w.org\/{rel}","templated":true}]}}