{"id":119459,"date":"2021-08-10T16:02:55","date_gmt":"2021-08-10T13:02:55","guid":{"rendered":"http:\/\/dev.tactic.net\/tuote\/gurli-ris-mudderparty-spil\/"},"modified":"2022-10-25T15:30:25","modified_gmt":"2022-10-25T12:30:25","slug":"gurli-ris-mudderparty-spil","status":"archive","type":"product","link":"https:\/\/games.tactic.net\/da\/tuote\/gurli-ris-mudderparty-spil\/","title":{"rendered":"Gurli Gris Mudderparty spil"},"content":{"rendered":"<p>Bondeg\u00e5rdsdyrene har fridag. L\u00e6g dine dyrebrikker p\u00e5 kludene rundt om mudderp\u00f8len og pr\u00f8v at ramme s\u00e5 mange du kan ved at kaste grisen i mudderet. Brikkerne rykker et trin for hvert dyr du rammer. Men v\u00e6r forsigtig \u2013 ellers kan du risikere at hj\u00e6lpe dine modstandere n\u00e6rmere m\u00e5let.<\/p>\n<ul>\n<li>Med en mudderp\u00f8l i plast, brikker og en sjov gummigris.<\/li>\n<li>Sp\u00e6ndende 3D spil.<\/li>\n<li>Fuld af farverige billeder<\/li>\n<\/ul>\n","protected":false},"excerpt":{"rendered":"<p><span style=\"display: inline !important;float: none;background-color: transparent;font-family: Times New Roman;font-size: 16px;font-style: normal;font-variant: normal;font-weight: 400;letter-spacing: normal;text-align: left;text-decoration: none;text-indent: 0px;text-transform: none\">Bondeg\u00e5rdsdyrene har fridag. L\u00e6g dine dyrebrikker p\u00e5 kludene rundt om mudderp\u00f8len og pr\u00f8v at ramme s\u00e5 mange du kan ved at kaste grisen i mudderet. Brikkerne rykker et trin for hvert dyr du rammer. Men v\u00e6r forsigtig \u2013 ellers kan du risikere at hj\u00e6lpe dine modstandere n\u00e6rmere m\u00e5let.<\/span><\/p>\n","protected":false},"featured_media":0,"template":"","meta":{"content-type":"","_monsterinsights_skip_tracking":false,"_monsterinsights_sitenote_active":false,"_monsterinsights_sitenote_note":"","_monsterinsights_sitenote_category":0},"product_brand":[],"product_cat":[1574],"product_tag":[1002],"brand":[],"target-group":[],"discontinued":[],"class_list":{"0":"post-119459","1":"product","2":"type-product","3":"status-archive","5":"product_cat-boerne-braetspil","6":"product_tag-held","8":"first","9":"outofstock","10":"taxable","11":"shipping-taxable","12":"product-type-simple"},"aioseo_notices":[],"_links":{"self":[{"href":"https:\/\/games.tactic.net\/da\/wp-json\/wp\/v2\/product\/119459","targetHints":{"allow":["GET"]}}],"collection":[{"href":"https:\/\/games.tactic.net\/da\/wp-json\/wp\/v2\/product"}],"about":[{"href":"https:\/\/games.tactic.net\/da\/wp-json\/wp\/v2\/types\/product"}],"wp:attachment":[{"href":"https:\/\/games.tactic.net\/da\/wp-json\/wp\/v2\/media?parent=119459"}],"wp:term":[{"taxonomy":"product_brand","embeddable":true,"href":"https:\/\/games.tactic.net\/da\/wp-json\/wp\/v2\/product_brand?post=119459"},{"taxonomy":"product_cat","embeddable":true,"href":"https:\/\/games.tactic.net\/da\/wp-json\/wp\/v2\/product_cat?post=119459"},{"taxonomy":"product_tag","embeddable":true,"href":"https:\/\/games.tactic.net\/da\/wp-json\/wp\/v2\/product_tag?post=119459"},{"taxonomy":"brand","embeddable":true,"href":"https:\/\/games.tactic.net\/da\/wp-json\/wp\/v2\/brand?post=119459"},{"taxonomy":"target-group","embeddable":true,"href":"https:\/\/games.tactic.net\/da\/wp-json\/wp\/v2\/target-group?post=119459"},{"taxonomy":"discontinued","embeddable":true,"href":"https:\/\/games.tactic.net\/da\/wp-json\/wp\/v2\/discontinued?post=119459"}],"curies":[{"name":"wp","href":"https:\/\/api.w.org\/{rel}","templated":true}]}}