{"id":119401,"date":"2021-08-10T16:00:15","date_gmt":"2021-08-10T13:00:15","guid":{"rendered":"http:\/\/dev.tactic.net\/tuote\/paw-patrol-silly-families\/"},"modified":"2023-11-08T13:04:40","modified_gmt":"2023-11-08T11:04:40","slug":"paw-patrol-silly-families","status":"archive","type":"product","link":"https:\/\/games.tactic.net\/da\/tuote\/paw-patrol-silly-families\/","title":{"rendered":"Paw Patrol Silly Families"},"content":{"rendered":"<p>F\u00f8lg med Paw Patrol i et sjovt spil og saml flest kvartetter for at vinde. L\u00e6r at t\u00e6lle og genkende farver. Selv de yngste spillere kan v\u00e6re med, da dette sjove og l\u00e6rerige spil ikke kr\u00e6ver l\u00e6sef\u00e6rdigheder.<\/p>\n","protected":false},"excerpt":{"rendered":"<p>F\u00f8lg med Paw Patrol i et sjovt spil og saml flest kvartetter for at vinde. L\u00e6r at t\u00e6lle og genkende farver. Selv de yngste spillere kan v\u00e6re med, da dette sjove og l\u00e6rerige spil ikke kr\u00e6ver l\u00e6sef\u00e6rdigheder.<\/p>\n","protected":false},"featured_media":0,"template":"","meta":{"content-type":"","_monsterinsights_skip_tracking":false,"_monsterinsights_sitenote_active":false,"_monsterinsights_sitenote_note":"","_monsterinsights_sitenote_category":0},"product_brand":[],"product_cat":[1574],"product_tag":[1232,994],"brand":[],"target-group":[],"discontinued":[],"class_list":{"0":"post-119401","1":"product","2":"type-product","3":"status-archive","5":"product_cat-boerne-braetspil","6":"product_tag-kombinere-da","7":"product_tag-sammen","9":"first","10":"instock","11":"taxable","12":"shipping-taxable","13":"product-type-simple"},"aioseo_notices":[],"_links":{"self":[{"href":"https:\/\/games.tactic.net\/da\/wp-json\/wp\/v2\/product\/119401","targetHints":{"allow":["GET"]}}],"collection":[{"href":"https:\/\/games.tactic.net\/da\/wp-json\/wp\/v2\/product"}],"about":[{"href":"https:\/\/games.tactic.net\/da\/wp-json\/wp\/v2\/types\/product"}],"wp:attachment":[{"href":"https:\/\/games.tactic.net\/da\/wp-json\/wp\/v2\/media?parent=119401"}],"wp:term":[{"taxonomy":"product_brand","embeddable":true,"href":"https:\/\/games.tactic.net\/da\/wp-json\/wp\/v2\/product_brand?post=119401"},{"taxonomy":"product_cat","embeddable":true,"href":"https:\/\/games.tactic.net\/da\/wp-json\/wp\/v2\/product_cat?post=119401"},{"taxonomy":"product_tag","embeddable":true,"href":"https:\/\/games.tactic.net\/da\/wp-json\/wp\/v2\/product_tag?post=119401"},{"taxonomy":"brand","embeddable":true,"href":"https:\/\/games.tactic.net\/da\/wp-json\/wp\/v2\/brand?post=119401"},{"taxonomy":"target-group","embeddable":true,"href":"https:\/\/games.tactic.net\/da\/wp-json\/wp\/v2\/target-group?post=119401"},{"taxonomy":"discontinued","embeddable":true,"href":"https:\/\/games.tactic.net\/da\/wp-json\/wp\/v2\/discontinued?post=119401"}],"curies":[{"name":"wp","href":"https:\/\/api.w.org\/{rel}","templated":true}]}}