{"id":119386,"date":"2021-08-10T15:59:13","date_gmt":"2021-08-10T12:59:13","guid":{"rendered":"http:\/\/dev.tactic.net\/tuote\/119386\/"},"modified":"2024-08-08T09:50:15","modified_gmt":"2024-08-08T06:50:15","slug":"119386","status":"publish","type":"product","link":"https:\/\/games.tactic.net\/da\/tuote\/119386\/","title":{"rendered":"Paw Patrol 3-in-1"},"content":{"rendered":"<p>Tre herlige spil med Paw Patrol-tema i \u00e9n \u00e6ske. Tre klassiske spil: Memo, Lotto og Domino. Saml s\u00e5 mange par som muligt (Memo), find brikker der matcher billederne p\u00e5 din billedplade (Lotto) og byg lange r\u00e6kker af brikker (Domino). Endel\u00f8s morskab for alle.<\/p>\n","protected":false},"excerpt":{"rendered":"<p>Tre herlige spil med Paw Patrol-tema i \u00e9n \u00e6ske. Tre klassiske spil: Memo, Lotto og Domino. Saml s\u00e5 mange par som muligt (Memo), find brikker der matcher billederne p\u00e5 din billedplade (Lotto) og byg lange r\u00e6kker af brikker (Domino). Endel\u00f8s morskab for alle.<\/p>\n","protected":false},"featured_media":0,"template":"","meta":{"content-type":"","_monsterinsights_skip_tracking":false,"_monsterinsights_sitenote_active":false,"_monsterinsights_sitenote_note":"","_monsterinsights_sitenote_category":0},"product_brand":[],"product_cat":[1574,1602],"product_tag":[344],"brand":[],"target-group":[],"discontinued":[],"class_list":{"0":"post-119386","1":"product","2":"type-product","3":"status-publish","5":"product_cat-boerne-braetspil","6":"product_cat-memo-spil-bornespil","7":"product_tag-kombinere","9":"first","10":"instock","11":"taxable","12":"shipping-taxable","13":"product-type-simple"},"aioseo_notices":[],"_links":{"self":[{"href":"https:\/\/games.tactic.net\/da\/wp-json\/wp\/v2\/product\/119386","targetHints":{"allow":["GET"]}}],"collection":[{"href":"https:\/\/games.tactic.net\/da\/wp-json\/wp\/v2\/product"}],"about":[{"href":"https:\/\/games.tactic.net\/da\/wp-json\/wp\/v2\/types\/product"}],"wp:attachment":[{"href":"https:\/\/games.tactic.net\/da\/wp-json\/wp\/v2\/media?parent=119386"}],"wp:term":[{"taxonomy":"product_brand","embeddable":true,"href":"https:\/\/games.tactic.net\/da\/wp-json\/wp\/v2\/product_brand?post=119386"},{"taxonomy":"product_cat","embeddable":true,"href":"https:\/\/games.tactic.net\/da\/wp-json\/wp\/v2\/product_cat?post=119386"},{"taxonomy":"product_tag","embeddable":true,"href":"https:\/\/games.tactic.net\/da\/wp-json\/wp\/v2\/product_tag?post=119386"},{"taxonomy":"brand","embeddable":true,"href":"https:\/\/games.tactic.net\/da\/wp-json\/wp\/v2\/brand?post=119386"},{"taxonomy":"target-group","embeddable":true,"href":"https:\/\/games.tactic.net\/da\/wp-json\/wp\/v2\/target-group?post=119386"},{"taxonomy":"discontinued","embeddable":true,"href":"https:\/\/games.tactic.net\/da\/wp-json\/wp\/v2\/discontinued?post=119386"}],"curies":[{"name":"wp","href":"https:\/\/api.w.org\/{rel}","templated":true}]}}