{"id":119357,"date":"2021-08-10T15:58:22","date_gmt":"2021-08-10T12:58:22","guid":{"rendered":"http:\/\/dev.tactic.net\/tuote\/gurli-gris-mudderspor\/"},"modified":"2022-03-22T12:42:27","modified_gmt":"2022-03-22T10:42:27","slug":"gurli-gris-mudderspor","status":"archive","type":"product","link":"https:\/\/games.tactic.net\/da\/tuote\/gurli-gris-mudderspor\/","title":{"rendered":"Gurli Gris Mudderspor"},"content":{"rendered":"<div class=\"page\" title=\"Page 9\">\n<div class=\"section\">\n<div class=\"layoutArea\">\n<div class=\"column\">\n<p>Hvad er det bedste ved regnvejr? De store<br \/>\nmudderp\u00f8ler, selvf\u00f8lgelig! Hver spiller hopper med sin<br \/>\nfigur gennem s\u00e5 mange felter i spil\u00e6sken som muligt<br \/>\nog efterlader mudderfodspor. Den f\u00f8rste spiller med<br \/>\nfodspor rundt om hele byen vinder spillet. Tr\u00e6n din<br \/>\nmotorik p\u00e5 den sjove m\u00e5de med Gurli Gris.\n<\/p>\n<\/p><\/div>\n<\/p><\/div>\n<\/p><\/div>\n<\/p><\/div>\n","protected":false},"excerpt":{"rendered":"<p>Hvad er det bedste ved regnvejr? De store mudderp\u00f8ler, selvf\u00f8lgelig! Hver spiller hopper med sin figur gennem s\u00e5 mange felter i spil\u00e6sken som muligt og efterlader mudderfodspor. Den f\u00f8rste spiller med fodspor rundt om hele byen vinder spillet. Tr\u00e6n din motorik p\u00e5 den sjove m\u00e5de med Gurli Gris.<\/p>\n","protected":false},"featured_media":0,"template":"","meta":{"content-type":"","_monsterinsights_skip_tracking":false,"_monsterinsights_sitenote_active":false,"_monsterinsights_sitenote_note":"","_monsterinsights_sitenote_category":0},"product_brand":[],"product_cat":[1574],"product_tag":[1223],"brand":[],"target-group":[],"discontinued":[],"class_list":{"0":"post-119357","1":"product","2":"type-product","3":"status-archive","5":"product_cat-boerne-braetspil","6":"product_tag-aktive-da","8":"first","9":"outofstock","10":"taxable","11":"shipping-taxable","12":"product-type-simple"},"aioseo_notices":[],"_links":{"self":[{"href":"https:\/\/games.tactic.net\/da\/wp-json\/wp\/v2\/product\/119357","targetHints":{"allow":["GET"]}}],"collection":[{"href":"https:\/\/games.tactic.net\/da\/wp-json\/wp\/v2\/product"}],"about":[{"href":"https:\/\/games.tactic.net\/da\/wp-json\/wp\/v2\/types\/product"}],"wp:attachment":[{"href":"https:\/\/games.tactic.net\/da\/wp-json\/wp\/v2\/media?parent=119357"}],"wp:term":[{"taxonomy":"product_brand","embeddable":true,"href":"https:\/\/games.tactic.net\/da\/wp-json\/wp\/v2\/product_brand?post=119357"},{"taxonomy":"product_cat","embeddable":true,"href":"https:\/\/games.tactic.net\/da\/wp-json\/wp\/v2\/product_cat?post=119357"},{"taxonomy":"product_tag","embeddable":true,"href":"https:\/\/games.tactic.net\/da\/wp-json\/wp\/v2\/product_tag?post=119357"},{"taxonomy":"brand","embeddable":true,"href":"https:\/\/games.tactic.net\/da\/wp-json\/wp\/v2\/brand?post=119357"},{"taxonomy":"target-group","embeddable":true,"href":"https:\/\/games.tactic.net\/da\/wp-json\/wp\/v2\/target-group?post=119357"},{"taxonomy":"discontinued","embeddable":true,"href":"https:\/\/games.tactic.net\/da\/wp-json\/wp\/v2\/discontinued?post=119357"}],"curies":[{"name":"wp","href":"https:\/\/api.w.org\/{rel}","templated":true}]}}