{"id":116796,"date":"2021-07-29T12:14:34","date_gmt":"2021-07-29T09:14:34","guid":{"rendered":"http:\/\/dev.tactic.net\/tuote\/lumo-stars-spider-itsy-mini\/"},"modified":"2022-07-27T13:42:59","modified_gmt":"2022-07-27T10:42:59","slug":"lumo-stars-spider-itsy-mini","status":"archive","type":"product","link":"https:\/\/games.tactic.net\/da\/tuote\/lumo-stars-spider-itsy-mini\/","title":{"rendered":"Lumo Stars Spider Itsy &#8211; mini"},"content":{"rendered":"<div>\n<div>Mini 8,5 cm.<\/div>\n<div><\/div>\n<div>Samlbar baby dyr plys. Glad, huggable, venlig, rar og s\u00f8d. Vi smiler mere! S\u00f8d Northern Brights plys kollektion er baseret p\u00e5 den \u00e6gte nordiske natur og dyreliv. Finsk design.<\/div>\n<div><i><br \/><\/i><\/div>\n<div><i>V\u00e6r ikke bange! Jeg vil ikke g\u00f8re noget for en skat som dig, jeg vil bare v\u00e6re din ven.<\/i><\/div>\n<div><i><br \/><\/i><\/div>\n<div><a href=\"http:\/\/www.lumostars.com\/\" target=\"blank\" rel=\"noopener\">www.lumostars.com<\/a><i><br \/><\/i><\/div>\n<\/div>\n<div><\/div>\n","protected":false},"excerpt":{"rendered":"<div>Mini 8,5 cm.<\/div>\n<div><\/div>\n","protected":false},"featured_media":0,"template":"","meta":{"content-type":"","_monsterinsights_skip_tracking":false,"_monsterinsights_sitenote_active":false,"_monsterinsights_sitenote_note":"","_monsterinsights_sitenote_category":0},"product_brand":[],"product_cat":[1642],"product_tag":[1262],"brand":[{"id":1020,"name":"Lumo Stars","slug":"lumo-stars_dk"}],"target-group":[],"discontinued":[],"class_list":{"0":"post-116796","1":"product","2":"type-product","3":"status-archive","5":"product_cat-mini-bamser-lumo-stars-6","6":"product_tag-lumo-stars-da","7":"brand-lumo-stars_dk","9":"first","10":"outofstock","11":"taxable","12":"shipping-taxable","13":"product-type-simple"},"aioseo_notices":[],"_links":{"self":[{"href":"https:\/\/games.tactic.net\/da\/wp-json\/wp\/v2\/product\/116796","targetHints":{"allow":["GET"]}}],"collection":[{"href":"https:\/\/games.tactic.net\/da\/wp-json\/wp\/v2\/product"}],"about":[{"href":"https:\/\/games.tactic.net\/da\/wp-json\/wp\/v2\/types\/product"}],"wp:attachment":[{"href":"https:\/\/games.tactic.net\/da\/wp-json\/wp\/v2\/media?parent=116796"}],"wp:term":[{"taxonomy":"product_brand","embeddable":true,"href":"https:\/\/games.tactic.net\/da\/wp-json\/wp\/v2\/product_brand?post=116796"},{"taxonomy":"product_cat","embeddable":true,"href":"https:\/\/games.tactic.net\/da\/wp-json\/wp\/v2\/product_cat?post=116796"},{"taxonomy":"product_tag","embeddable":true,"href":"https:\/\/games.tactic.net\/da\/wp-json\/wp\/v2\/product_tag?post=116796"},{"taxonomy":"brand","embeddable":true,"href":"https:\/\/games.tactic.net\/da\/wp-json\/wp\/v2\/brand?post=116796"},{"taxonomy":"target-group","embeddable":true,"href":"https:\/\/games.tactic.net\/da\/wp-json\/wp\/v2\/target-group?post=116796"},{"taxonomy":"discontinued","embeddable":true,"href":"https:\/\/games.tactic.net\/da\/wp-json\/wp\/v2\/discontinued?post=116796"}],"curies":[{"name":"wp","href":"https:\/\/api.w.org\/{rel}","templated":true}]}}