{"id":116152,"date":"2021-07-27T14:10:08","date_gmt":"2021-07-27T11:10:08","guid":{"rendered":"http:\/\/dev.tactic.net\/tuote\/lets-learn-colors-shapes\/"},"modified":"2023-10-17T19:10:08","modified_gmt":"2023-10-17T16:10:08","slug":"lets-learn-colors-shapes","status":"publish","type":"product","link":"https:\/\/games.tactic.net\/da\/tuote\/lets-learn-colors-shapes\/","title":{"rendered":"Tactic L\u00e6r om Farver og Former"},"content":{"rendered":"<p>Dyk ned i den fantastiske verden af farver og former og l\u00e6r at genkende dem. Pr\u00f8v at fylde din egen plade med brikker der matcher den. Den f\u00f8rste spiller med fire brikker p\u00e5 pladen vinder spillet. L\u00e6r om Farver og former fremmer b\u00f8rns motorik og observationsevner p\u00e5 en virkelig sjov m\u00e5de.<\/p>\n","protected":false},"excerpt":{"rendered":"<p>Dyk ned i den fantastiske verden af farver og former og l\u00e6r at genkende dem. Pr\u00f8v at fylde din egen plade med brikker der matcher den. Den f\u00f8rste spiller med fire brikker p\u00e5 pladen vinder spillet. L\u00e6r om Farver og former fremmer b\u00f8rns motorik og observationsevner p\u00e5 en virkelig sjov m\u00e5de.<\/p>\n","protected":false},"featured_media":0,"template":"","meta":{"content-type":"","_monsterinsights_skip_tracking":false,"_monsterinsights_sitenote_active":false,"_monsterinsights_sitenote_note":"","_monsterinsights_sitenote_category":0},"product_brand":[],"product_cat":[1590],"product_tag":[1256],"brand":[{"id":859,"name":"Let's Learn","slug":"letslearn-da"}],"target-group":[],"discontinued":[],"class_list":{"0":"post-116152","1":"product","2":"type-product","3":"status-publish","5":"product_cat-laeringsspil","6":"product_tag-paedagogisk-da","7":"brand-letslearn-da","9":"first","10":"instock","11":"taxable","12":"shipping-taxable","13":"product-type-simple"},"aioseo_notices":[],"_links":{"self":[{"href":"https:\/\/games.tactic.net\/da\/wp-json\/wp\/v2\/product\/116152","targetHints":{"allow":["GET"]}}],"collection":[{"href":"https:\/\/games.tactic.net\/da\/wp-json\/wp\/v2\/product"}],"about":[{"href":"https:\/\/games.tactic.net\/da\/wp-json\/wp\/v2\/types\/product"}],"wp:attachment":[{"href":"https:\/\/games.tactic.net\/da\/wp-json\/wp\/v2\/media?parent=116152"}],"wp:term":[{"taxonomy":"product_brand","embeddable":true,"href":"https:\/\/games.tactic.net\/da\/wp-json\/wp\/v2\/product_brand?post=116152"},{"taxonomy":"product_cat","embeddable":true,"href":"https:\/\/games.tactic.net\/da\/wp-json\/wp\/v2\/product_cat?post=116152"},{"taxonomy":"product_tag","embeddable":true,"href":"https:\/\/games.tactic.net\/da\/wp-json\/wp\/v2\/product_tag?post=116152"},{"taxonomy":"brand","embeddable":true,"href":"https:\/\/games.tactic.net\/da\/wp-json\/wp\/v2\/brand?post=116152"},{"taxonomy":"target-group","embeddable":true,"href":"https:\/\/games.tactic.net\/da\/wp-json\/wp\/v2\/target-group?post=116152"},{"taxonomy":"discontinued","embeddable":true,"href":"https:\/\/games.tactic.net\/da\/wp-json\/wp\/v2\/discontinued?post=116152"}],"curies":[{"name":"wp","href":"https:\/\/api.w.org\/{rel}","templated":true}]}}