{"id":116137,"date":"2021-07-27T14:07:10","date_gmt":"2021-07-27T11:07:10","guid":{"rendered":"http:\/\/dev.tactic.net\/tuote\/villads-fra-valby-laer-om-bogstaver-og-ord\/"},"modified":"2023-10-25T14:23:45","modified_gmt":"2023-10-25T11:23:45","slug":"villads-fra-valby-laer-om-bogstaver-og-ord","status":"publish","type":"product","link":"https:\/\/games.tactic.net\/da\/tuote\/villads-fra-valby-laer-om-bogstaver-og-ord\/","title":{"rendered":"Tactic Villads fra Valby L\u00e6r om Bogstaver og Ord"},"content":{"rendered":"<p>Villads fra Valby er en helt almindelig dreng, som elsker tegne \ufb01 lm, pasta med k\u00f8dsovs og at lege med sine venner. Han er nemlig rigtig god til at lege \u2013 men desv\u00e6rre er det ikke altid, at de voksne synes, at de ideer Villads f\u00e5r, er s\u00e5 gode.Villads fra Valby f\u00e5s b\u00e5de som h\u00f8jtl\u00e6sning, billedb\u00f8ger, God L\u00e6sestart, male-, fakta- og aktivitetsb\u00f8ger. Der er ogs\u00e5 b\u00e5de tra \ufb01 kklub, spille \ufb01 lm og teaterforestillinger om hele Danmarks Villads. Villads fra Valby kommer nu som nyhed i form af 2 nye spil \u2013 L\u00e6r Klokken &amp; L\u00e6r Bogstaver og Ord.<\/p>\n","protected":false},"excerpt":{"rendered":"<p>Villads fra Valby er en helt almindelig dreng, som elsker tegne \ufb01 lm, pasta med k\u00f8dsovs og at lege med sine venner. Han er nemlig rigtig god til at lege \u2013 men desv\u00e6rre er det ikke altid, at de voksne synes, at de ideer Villads f\u00e5r, er s\u00e5 gode.Villads fra Valby f\u00e5s b\u00e5de som h\u00f8jtl\u00e6sning, billedb\u00f8ger, God L\u00e6sestart, male-, fakta- og aktivitetsb\u00f8ger.<\/p>\n","protected":false},"featured_media":0,"template":"","meta":{"content-type":"","_monsterinsights_skip_tracking":false,"_monsterinsights_sitenote_active":false,"_monsterinsights_sitenote_note":"","_monsterinsights_sitenote_category":0},"product_brand":[],"product_cat":[1590],"product_tag":[1256],"brand":[],"target-group":[],"discontinued":[],"class_list":{"0":"post-116137","1":"product","2":"type-product","3":"status-publish","5":"product_cat-laeringsspil","6":"product_tag-paedagogisk-da","8":"first","9":"instock","10":"taxable","11":"shipping-taxable","12":"product-type-simple"},"aioseo_notices":[],"_links":{"self":[{"href":"https:\/\/games.tactic.net\/da\/wp-json\/wp\/v2\/product\/116137","targetHints":{"allow":["GET"]}}],"collection":[{"href":"https:\/\/games.tactic.net\/da\/wp-json\/wp\/v2\/product"}],"about":[{"href":"https:\/\/games.tactic.net\/da\/wp-json\/wp\/v2\/types\/product"}],"wp:attachment":[{"href":"https:\/\/games.tactic.net\/da\/wp-json\/wp\/v2\/media?parent=116137"}],"wp:term":[{"taxonomy":"product_brand","embeddable":true,"href":"https:\/\/games.tactic.net\/da\/wp-json\/wp\/v2\/product_brand?post=116137"},{"taxonomy":"product_cat","embeddable":true,"href":"https:\/\/games.tactic.net\/da\/wp-json\/wp\/v2\/product_cat?post=116137"},{"taxonomy":"product_tag","embeddable":true,"href":"https:\/\/games.tactic.net\/da\/wp-json\/wp\/v2\/product_tag?post=116137"},{"taxonomy":"brand","embeddable":true,"href":"https:\/\/games.tactic.net\/da\/wp-json\/wp\/v2\/brand?post=116137"},{"taxonomy":"target-group","embeddable":true,"href":"https:\/\/games.tactic.net\/da\/wp-json\/wp\/v2\/target-group?post=116137"},{"taxonomy":"discontinued","embeddable":true,"href":"https:\/\/games.tactic.net\/da\/wp-json\/wp\/v2\/discontinued?post=116137"}],"curies":[{"name":"wp","href":"https:\/\/api.w.org\/{rel}","templated":true}]}}