{"id":116078,"date":"2021-07-27T14:03:38","date_gmt":"2021-07-27T11:03:38","guid":{"rendered":"http:\/\/dev.tactic.net\/tuote\/skaeg-med-matematik\/"},"modified":"2022-03-21T10:23:07","modified_gmt":"2022-03-21T08:23:07","slug":"skaeg-med-matematik","status":"publish","type":"product","link":"https:\/\/games.tactic.net\/da\/tuote\/skaeg-med-matematik\/","title":{"rendered":"Tactic Sk\u00e6g med Matematik"},"content":{"rendered":"<p>Alle b\u00f8rn i Danmark kender Hr. Sk\u00e6g. Han har l\u00e6rt dem bogstaverne og tallene og at l\u00e6se og t\u00e6lle. Nu tager han ogs\u00e5 fat p\u00e5 matematikken!<\/p>\n","protected":false},"excerpt":{"rendered":"<p>Alle b\u00f8rn i Danmark kender Hr. Sk\u00e6g. Han har l\u00e6rt dem bogstaverne og tallene og at l\u00e6se og t\u00e6lle. Nu tager han ogs\u00e5 fat p\u00e5 matematikken!<\/p>\n","protected":false},"featured_media":0,"template":"","meta":{"content-type":"","_monsterinsights_skip_tracking":false,"_monsterinsights_sitenote_active":false,"_monsterinsights_sitenote_note":"","_monsterinsights_sitenote_category":0},"product_brand":[],"product_cat":[1590],"product_tag":[1256],"brand":[],"target-group":[],"discontinued":[],"class_list":{"0":"post-116078","1":"product","2":"type-product","3":"status-publish","5":"product_cat-laeringsspil","6":"product_tag-paedagogisk-da","8":"first","9":"instock","10":"taxable","11":"shipping-taxable","12":"product-type-simple"},"aioseo_notices":[],"_links":{"self":[{"href":"https:\/\/games.tactic.net\/da\/wp-json\/wp\/v2\/product\/116078","targetHints":{"allow":["GET"]}}],"collection":[{"href":"https:\/\/games.tactic.net\/da\/wp-json\/wp\/v2\/product"}],"about":[{"href":"https:\/\/games.tactic.net\/da\/wp-json\/wp\/v2\/types\/product"}],"wp:attachment":[{"href":"https:\/\/games.tactic.net\/da\/wp-json\/wp\/v2\/media?parent=116078"}],"wp:term":[{"taxonomy":"product_brand","embeddable":true,"href":"https:\/\/games.tactic.net\/da\/wp-json\/wp\/v2\/product_brand?post=116078"},{"taxonomy":"product_cat","embeddable":true,"href":"https:\/\/games.tactic.net\/da\/wp-json\/wp\/v2\/product_cat?post=116078"},{"taxonomy":"product_tag","embeddable":true,"href":"https:\/\/games.tactic.net\/da\/wp-json\/wp\/v2\/product_tag?post=116078"},{"taxonomy":"brand","embeddable":true,"href":"https:\/\/games.tactic.net\/da\/wp-json\/wp\/v2\/brand?post=116078"},{"taxonomy":"target-group","embeddable":true,"href":"https:\/\/games.tactic.net\/da\/wp-json\/wp\/v2\/target-group?post=116078"},{"taxonomy":"discontinued","embeddable":true,"href":"https:\/\/games.tactic.net\/da\/wp-json\/wp\/v2\/discontinued?post=116078"}],"curies":[{"name":"wp","href":"https:\/\/api.w.org\/{rel}","templated":true}]}}