{"id":115905,"date":"2021-07-27T13:57:18","date_gmt":"2021-07-27T10:57:18","guid":{"rendered":"http:\/\/dev.tactic.net\/tuote\/stigespil\/"},"modified":"2023-10-25T13:57:44","modified_gmt":"2023-10-25T10:57:44","slug":"stigespil","status":"publish","type":"product","link":"https:\/\/games.tactic.net\/da\/tuote\/stigespil\/","title":{"rendered":"Tactic Stigespil"},"content":{"rendered":"<p>Kast terningen og ryk din brik p\u00e5 spillepladen. Den f\u00f8rste spiller i m\u00e5l vinder.<\/p>\n","protected":false},"excerpt":{"rendered":"<p>Et klassisk br\u00e6tspil hvor det g\u00e6lder om at klatre til tops og undg\u00e5 f\u00e6lder undervejs, som f\u00e5r en til at falde ned igen.<\/p>\n","protected":false},"featured_media":0,"template":"","meta":{"content-type":"","_monsterinsights_skip_tracking":false,"_monsterinsights_sitenote_active":false,"_monsterinsights_sitenote_note":"","_monsterinsights_sitenote_category":0},"product_brand":[],"product_cat":[1574],"product_tag":[1002],"brand":[],"target-group":[],"discontinued":[],"class_list":{"0":"post-115905","1":"product","2":"type-product","3":"status-publish","5":"product_cat-boerne-braetspil","6":"product_tag-held","8":"first","9":"instock","10":"taxable","11":"shipping-taxable","12":"product-type-simple"},"aioseo_notices":[],"_links":{"self":[{"href":"https:\/\/games.tactic.net\/da\/wp-json\/wp\/v2\/product\/115905","targetHints":{"allow":["GET"]}}],"collection":[{"href":"https:\/\/games.tactic.net\/da\/wp-json\/wp\/v2\/product"}],"about":[{"href":"https:\/\/games.tactic.net\/da\/wp-json\/wp\/v2\/types\/product"}],"wp:attachment":[{"href":"https:\/\/games.tactic.net\/da\/wp-json\/wp\/v2\/media?parent=115905"}],"wp:term":[{"taxonomy":"product_brand","embeddable":true,"href":"https:\/\/games.tactic.net\/da\/wp-json\/wp\/v2\/product_brand?post=115905"},{"taxonomy":"product_cat","embeddable":true,"href":"https:\/\/games.tactic.net\/da\/wp-json\/wp\/v2\/product_cat?post=115905"},{"taxonomy":"product_tag","embeddable":true,"href":"https:\/\/games.tactic.net\/da\/wp-json\/wp\/v2\/product_tag?post=115905"},{"taxonomy":"brand","embeddable":true,"href":"https:\/\/games.tactic.net\/da\/wp-json\/wp\/v2\/brand?post=115905"},{"taxonomy":"target-group","embeddable":true,"href":"https:\/\/games.tactic.net\/da\/wp-json\/wp\/v2\/target-group?post=115905"},{"taxonomy":"discontinued","embeddable":true,"href":"https:\/\/games.tactic.net\/da\/wp-json\/wp\/v2\/discontinued?post=115905"}],"curies":[{"name":"wp","href":"https:\/\/api.w.org\/{rel}","templated":true}]}}