{"id":115819,"date":"2021-07-27T13:55:18","date_gmt":"2021-07-27T10:55:18","guid":{"rendered":"http:\/\/dev.tactic.net\/tuote\/junior-bingo\/"},"modified":"2023-10-25T14:19:19","modified_gmt":"2023-10-25T11:19:19","slug":"junior-bingo","status":"publish","type":"product","link":"https:\/\/games.tactic.net\/da\/tuote\/junior-bingo\/","title":{"rendered":"Tactic Junior Bingo"},"content":{"rendered":"<p>I hver runde tager spillerne en brik p\u00e5 bordet og l\u00e6gger den p\u00e5 deres egen bingoplade. Den f\u00f8rste spiller med fem billeder p\u00e5 r\u00e6kke vinder spillet.<\/p>\n","protected":false},"excerpt":{"rendered":"<p>Tactic Junior Bingo<\/p>\n","protected":false},"featured_media":0,"template":"","meta":{"content-type":"","_monsterinsights_skip_tracking":false,"_monsterinsights_sitenote_active":false,"_monsterinsights_sitenote_note":"","_monsterinsights_sitenote_category":0},"product_brand":[],"product_cat":[1574],"product_tag":[1002,1232],"brand":[],"target-group":[],"discontinued":[],"class_list":{"0":"post-115819","1":"product","2":"type-product","3":"status-publish","5":"product_cat-boerne-braetspil","6":"product_tag-held","7":"product_tag-kombinere-da","9":"first","10":"instock","11":"taxable","12":"shipping-taxable","13":"product-type-simple"},"aioseo_notices":[],"_links":{"self":[{"href":"https:\/\/games.tactic.net\/da\/wp-json\/wp\/v2\/product\/115819","targetHints":{"allow":["GET"]}}],"collection":[{"href":"https:\/\/games.tactic.net\/da\/wp-json\/wp\/v2\/product"}],"about":[{"href":"https:\/\/games.tactic.net\/da\/wp-json\/wp\/v2\/types\/product"}],"wp:attachment":[{"href":"https:\/\/games.tactic.net\/da\/wp-json\/wp\/v2\/media?parent=115819"}],"wp:term":[{"taxonomy":"product_brand","embeddable":true,"href":"https:\/\/games.tactic.net\/da\/wp-json\/wp\/v2\/product_brand?post=115819"},{"taxonomy":"product_cat","embeddable":true,"href":"https:\/\/games.tactic.net\/da\/wp-json\/wp\/v2\/product_cat?post=115819"},{"taxonomy":"product_tag","embeddable":true,"href":"https:\/\/games.tactic.net\/da\/wp-json\/wp\/v2\/product_tag?post=115819"},{"taxonomy":"brand","embeddable":true,"href":"https:\/\/games.tactic.net\/da\/wp-json\/wp\/v2\/brand?post=115819"},{"taxonomy":"target-group","embeddable":true,"href":"https:\/\/games.tactic.net\/da\/wp-json\/wp\/v2\/target-group?post=115819"},{"taxonomy":"discontinued","embeddable":true,"href":"https:\/\/games.tactic.net\/da\/wp-json\/wp\/v2\/discontinued?post=115819"}],"curies":[{"name":"wp","href":"https:\/\/api.w.org\/{rel}","templated":true}]}}