{"id":115677,"date":"2021-07-27T13:54:00","date_gmt":"2021-07-27T10:54:00","guid":{"rendered":"http:\/\/dev.tactic.net\/tuote\/choco\/"},"modified":"2023-10-25T13:22:50","modified_gmt":"2023-10-25T10:22:50","slug":"choco","status":"publish","type":"product","link":"https:\/\/games.tactic.net\/da\/tuote\/choco\/","title":{"rendered":"Tactic Choco board game"},"content":{"rendered":"<p>Tryk p\u00e5 terningen og se om du skal lede efter en peanut eller et kirseb\u00e6r og vend et stykke chokolade. Spilleren med flest chokolader vinder, men chokoladelarven kan forsinke dig p\u00e5 vejen til sejr&#8230;<\/p>\n","protected":false},"excerpt":{"rendered":"<p>Tryk p\u00e5 terningen og se om du skal lede efter en peanut eller et kirseb\u00e6r og vend et stykke chokolade. Spilleren med flest chokolader vinder, men chokoladelarven kan forsinke dig p\u00e5 vejen til sejr&#8230;<\/p>\n","protected":false},"featured_media":0,"template":"","meta":{"content-type":"","_monsterinsights_skip_tracking":false,"_monsterinsights_sitenote_active":false,"_monsterinsights_sitenote_note":"","_monsterinsights_sitenote_category":0},"product_brand":[],"product_cat":[1574],"product_tag":[1256],"brand":[{"id":2177,"name":"Choco","slug":"choco-5"}],"target-group":[],"discontinued":[],"class_list":{"0":"post-115677","1":"product","2":"type-product","3":"status-publish","5":"product_cat-boerne-braetspil","6":"product_tag-paedagogisk-da","7":"brand-choco-5","9":"first","10":"instock","11":"taxable","12":"shipping-taxable","13":"product-type-simple"},"aioseo_notices":[],"_links":{"self":[{"href":"https:\/\/games.tactic.net\/da\/wp-json\/wp\/v2\/product\/115677","targetHints":{"allow":["GET"]}}],"collection":[{"href":"https:\/\/games.tactic.net\/da\/wp-json\/wp\/v2\/product"}],"about":[{"href":"https:\/\/games.tactic.net\/da\/wp-json\/wp\/v2\/types\/product"}],"wp:attachment":[{"href":"https:\/\/games.tactic.net\/da\/wp-json\/wp\/v2\/media?parent=115677"}],"wp:term":[{"taxonomy":"product_brand","embeddable":true,"href":"https:\/\/games.tactic.net\/da\/wp-json\/wp\/v2\/product_brand?post=115677"},{"taxonomy":"product_cat","embeddable":true,"href":"https:\/\/games.tactic.net\/da\/wp-json\/wp\/v2\/product_cat?post=115677"},{"taxonomy":"product_tag","embeddable":true,"href":"https:\/\/games.tactic.net\/da\/wp-json\/wp\/v2\/product_tag?post=115677"},{"taxonomy":"brand","embeddable":true,"href":"https:\/\/games.tactic.net\/da\/wp-json\/wp\/v2\/brand?post=115677"},{"taxonomy":"target-group","embeddable":true,"href":"https:\/\/games.tactic.net\/da\/wp-json\/wp\/v2\/target-group?post=115677"},{"taxonomy":"discontinued","embeddable":true,"href":"https:\/\/games.tactic.net\/da\/wp-json\/wp\/v2\/discontinued?post=115677"}],"curies":[{"name":"wp","href":"https:\/\/api.w.org\/{rel}","templated":true}]}}