{"id":115676,"date":"2021-07-27T13:53:39","date_gmt":"2021-07-27T10:53:39","guid":{"rendered":"http:\/\/dev.tactic.net\/tuote\/monster-bingo\/"},"modified":"2023-10-25T13:49:02","modified_gmt":"2023-10-25T10:49:02","slug":"monster-bingo","status":"publish","type":"product","link":"https:\/\/games.tactic.net\/da\/tuote\/monster-bingo\/","title":{"rendered":"Tactic Monster Bingo  for de sm\u00e5"},"content":{"rendered":"<p>Led efter leget\u00f8j sammen med de skr\u00e6mmende venlige mostre. Monster Bingo er et morsomt, livligt spil for b\u00f8rn i alle aldre. V\u00e6lg dit favoritmoster, kast terningerne og pr\u00f8v at danne en lige r\u00e6kke med 4 brikker p\u00e5 din bingoplade. F\u00f8rste spiller med komplet r\u00e6kke vinder spillet.<\/p>\n","protected":false},"excerpt":{"rendered":"<p>Tactic Monster Bingo for de sm\u00e5<\/p>\n","protected":false},"featured_media":0,"template":"","meta":{"content-type":"","_monsterinsights_skip_tracking":false,"_monsterinsights_sitenote_active":false,"_monsterinsights_sitenote_note":"","_monsterinsights_sitenote_category":0},"product_brand":[],"product_cat":[1574],"product_tag":[1002,1232],"brand":[],"target-group":[],"discontinued":[],"class_list":{"0":"post-115676","1":"product","2":"type-product","3":"status-publish","5":"product_cat-boerne-braetspil","6":"product_tag-held","7":"product_tag-kombinere-da","9":"first","10":"instock","11":"taxable","12":"shipping-taxable","13":"product-type-simple"},"aioseo_notices":[],"_links":{"self":[{"href":"https:\/\/games.tactic.net\/da\/wp-json\/wp\/v2\/product\/115676","targetHints":{"allow":["GET"]}}],"collection":[{"href":"https:\/\/games.tactic.net\/da\/wp-json\/wp\/v2\/product"}],"about":[{"href":"https:\/\/games.tactic.net\/da\/wp-json\/wp\/v2\/types\/product"}],"wp:attachment":[{"href":"https:\/\/games.tactic.net\/da\/wp-json\/wp\/v2\/media?parent=115676"}],"wp:term":[{"taxonomy":"product_brand","embeddable":true,"href":"https:\/\/games.tactic.net\/da\/wp-json\/wp\/v2\/product_brand?post=115676"},{"taxonomy":"product_cat","embeddable":true,"href":"https:\/\/games.tactic.net\/da\/wp-json\/wp\/v2\/product_cat?post=115676"},{"taxonomy":"product_tag","embeddable":true,"href":"https:\/\/games.tactic.net\/da\/wp-json\/wp\/v2\/product_tag?post=115676"},{"taxonomy":"brand","embeddable":true,"href":"https:\/\/games.tactic.net\/da\/wp-json\/wp\/v2\/brand?post=115676"},{"taxonomy":"target-group","embeddable":true,"href":"https:\/\/games.tactic.net\/da\/wp-json\/wp\/v2\/target-group?post=115676"},{"taxonomy":"discontinued","embeddable":true,"href":"https:\/\/games.tactic.net\/da\/wp-json\/wp\/v2\/discontinued?post=115676"}],"curies":[{"name":"wp","href":"https:\/\/api.w.org\/{rel}","templated":true}]}}