{"id":115661,"date":"2021-07-27T13:52:00","date_gmt":"2021-07-27T10:52:00","guid":{"rendered":"http:\/\/dev.tactic.net\/tuote\/animal-yatzy\/"},"modified":"2024-09-20T10:52:35","modified_gmt":"2024-09-20T07:52:35","slug":"animal-yatzy","status":"archive","type":"product","link":"https:\/\/games.tactic.net\/da\/tuote\/animal-yatzy\/","title":{"rendered":"Tactic Animal Yatzy"},"content":{"rendered":"<p>Et helt vildt dyre yatzy! Kast de 5 terninger og pr\u00f8v at f\u00e5 de forskellige kombinationer p\u00e5 pointblokken. Spilleren med h\u00f8jest score p\u00e5 blokken vinder.<\/p>\n","protected":false},"excerpt":{"rendered":"<p>Et helt vildt dyre yatzy! Kast de 5 terninger og pr\u00f8v at f\u00e5 de forskellige kombinationer p\u00e5 pointblokken. Spilleren med h\u00f8jest score p\u00e5 blokken vinder.<\/p>\n","protected":false},"featured_media":0,"template":"","meta":{"content-type":"","_monsterinsights_skip_tracking":false,"_monsterinsights_sitenote_active":false,"_monsterinsights_sitenote_note":"","_monsterinsights_sitenote_category":0},"product_brand":[],"product_cat":[1574],"product_tag":[1241,1237],"brand":[],"target-group":[],"discontinued":[],"class_list":{"0":"post-115661","1":"product","2":"type-product","3":"status-archive","5":"product_cat-boerne-braetspil","6":"product_tag-beregning-da","7":"product_tag-strategi-da","9":"first","10":"outofstock","11":"taxable","12":"shipping-taxable","13":"product-type-simple"},"aioseo_notices":[],"_links":{"self":[{"href":"https:\/\/games.tactic.net\/da\/wp-json\/wp\/v2\/product\/115661","targetHints":{"allow":["GET"]}}],"collection":[{"href":"https:\/\/games.tactic.net\/da\/wp-json\/wp\/v2\/product"}],"about":[{"href":"https:\/\/games.tactic.net\/da\/wp-json\/wp\/v2\/types\/product"}],"wp:attachment":[{"href":"https:\/\/games.tactic.net\/da\/wp-json\/wp\/v2\/media?parent=115661"}],"wp:term":[{"taxonomy":"product_brand","embeddable":true,"href":"https:\/\/games.tactic.net\/da\/wp-json\/wp\/v2\/product_brand?post=115661"},{"taxonomy":"product_cat","embeddable":true,"href":"https:\/\/games.tactic.net\/da\/wp-json\/wp\/v2\/product_cat?post=115661"},{"taxonomy":"product_tag","embeddable":true,"href":"https:\/\/games.tactic.net\/da\/wp-json\/wp\/v2\/product_tag?post=115661"},{"taxonomy":"brand","embeddable":true,"href":"https:\/\/games.tactic.net\/da\/wp-json\/wp\/v2\/brand?post=115661"},{"taxonomy":"target-group","embeddable":true,"href":"https:\/\/games.tactic.net\/da\/wp-json\/wp\/v2\/target-group?post=115661"},{"taxonomy":"discontinued","embeddable":true,"href":"https:\/\/games.tactic.net\/da\/wp-json\/wp\/v2\/discontinued?post=115661"}],"curies":[{"name":"wp","href":"https:\/\/api.w.org\/{rel}","templated":true}]}}