{"id":115618,"date":"2021-07-27T13:51:21","date_gmt":"2021-07-27T10:51:21","guid":{"rendered":"http:\/\/dev.tactic.net\/tuote\/jolly-polly\/"},"modified":"2024-04-12T09:04:44","modified_gmt":"2024-04-12T06:04:44","slug":"jolly-polly","status":"archive","type":"product","link":"https:\/\/games.tactic.net\/da\/tuote\/jolly-polly\/","title":{"rendered":"Jolly Polly"},"content":{"rendered":"<p>Tr\u00e6et bugner af frugter, som papeg\u00f8jerne elsker at spise. Men det er lettere sagt end gjort, for tr\u00e6et st\u00e5r ikke stille. Hver gang en papeg\u00f8je s\u00e6tter sig p\u00e5 tr\u00e6et, svinger og drejer det. Spilleren, som f\u00f8rst kommer af med sine papeg\u00f8jer, vinder spillet.<\/p>\n","protected":false},"excerpt":{"rendered":"<p>Tr\u00e6et bugner af frugter, som papeg\u00f8jerne elsker at spise. Men det er lettere sagt end gjort, for tr\u00e6et st\u00e5r ikke stille. Hver gang en papeg\u00f8je s\u00e6tter sig p\u00e5 tr\u00e6et, svinger og drejer det. Spilleren, som f\u00f8rst kommer af med sine papeg\u00f8jer, vinder spillet.<\/p>\n","protected":false},"featured_media":0,"template":"","meta":{"content-type":"","_monsterinsights_skip_tracking":false,"_monsterinsights_sitenote_active":false,"_monsterinsights_sitenote_note":"","_monsterinsights_sitenote_category":0},"product_brand":[],"product_cat":[1574],"product_tag":[1223,1250],"brand":[],"target-group":[],"discontinued":[],"class_list":{"0":"post-115618","1":"product","2":"type-product","3":"status-archive","5":"product_cat-boerne-braetspil","6":"product_tag-aktive-da","7":"product_tag-faerdighed-da","9":"first","10":"outofstock","11":"taxable","12":"shipping-taxable","13":"product-type-simple"},"aioseo_notices":[],"_links":{"self":[{"href":"https:\/\/games.tactic.net\/da\/wp-json\/wp\/v2\/product\/115618","targetHints":{"allow":["GET"]}}],"collection":[{"href":"https:\/\/games.tactic.net\/da\/wp-json\/wp\/v2\/product"}],"about":[{"href":"https:\/\/games.tactic.net\/da\/wp-json\/wp\/v2\/types\/product"}],"wp:attachment":[{"href":"https:\/\/games.tactic.net\/da\/wp-json\/wp\/v2\/media?parent=115618"}],"wp:term":[{"taxonomy":"product_brand","embeddable":true,"href":"https:\/\/games.tactic.net\/da\/wp-json\/wp\/v2\/product_brand?post=115618"},{"taxonomy":"product_cat","embeddable":true,"href":"https:\/\/games.tactic.net\/da\/wp-json\/wp\/v2\/product_cat?post=115618"},{"taxonomy":"product_tag","embeddable":true,"href":"https:\/\/games.tactic.net\/da\/wp-json\/wp\/v2\/product_tag?post=115618"},{"taxonomy":"brand","embeddable":true,"href":"https:\/\/games.tactic.net\/da\/wp-json\/wp\/v2\/brand?post=115618"},{"taxonomy":"target-group","embeddable":true,"href":"https:\/\/games.tactic.net\/da\/wp-json\/wp\/v2\/target-group?post=115618"},{"taxonomy":"discontinued","embeddable":true,"href":"https:\/\/games.tactic.net\/da\/wp-json\/wp\/v2\/discontinued?post=115618"}],"curies":[{"name":"wp","href":"https:\/\/api.w.org\/{rel}","templated":true}]}}