{"id":115617,"date":"2021-07-27T13:51:05","date_gmt":"2021-07-27T10:51:05","guid":{"rendered":"http:\/\/dev.tactic.net\/tuote\/speedy-beedy\/"},"modified":"2023-11-11T13:38:55","modified_gmt":"2023-11-11T11:38:55","slug":"speedy-beedy","status":"archive","type":"product","link":"https:\/\/games.tactic.net\/da\/tuote\/speedy-beedy\/","title":{"rendered":"Speedy Beedy"},"content":{"rendered":"<p>Lad din bi summe hen over engen og v\u00e6lg de rigtige blomster f\u00f8rst. Vend et kort og se i hvilken r\u00e6kkef\u00f8lge blomsterne skal v\u00e6lges. Men skynd dig \u2013 for den hurtigste bi scorer point. Et sjovt matchespil for yngre spillere.<\/p>\n<div>\u2022 Med solide plastbier og blomster.<\/div>\n<div>\u2022 Let at l\u00e6re og velegnet til de mindste spillere.<\/div>\n<div>\u2022 Hold \u00f8je med insektet som kan \u00f8del\u00e6gge det for dig.<\/div>\n<p><img decoding=\"async\" src=\"https:\\\\games.tactic.net\\pic\\logo\\DK_2019_aarets_bornespil_nomineret.png\"><\/p>\n","protected":false},"excerpt":{"rendered":"<p>Lad din bi summe hen over engen og v\u00e6lg de rigtige blomster f\u00f8rst. Vend et kort og se i hvilken r\u00e6kkef\u00f8lge blomsterne skal v\u00e6lges. Men skynd dig \u2013 for den hurtigste bi scorer point. Et sjovt matchespil for yngre spillere.<\/p>\n","protected":false},"featured_media":0,"template":"","meta":{"content-type":"","_monsterinsights_skip_tracking":false,"_monsterinsights_sitenote_active":false,"_monsterinsights_sitenote_note":"","_monsterinsights_sitenote_category":0},"product_brand":[],"product_cat":[1574],"product_tag":[1229,1256],"brand":[],"target-group":[],"discontinued":[],"class_list":{"0":"post-115617","1":"product","2":"type-product","3":"status-archive","5":"product_cat-boerne-braetspil","6":"product_tag-hastighed-da","7":"product_tag-paedagogisk-da","9":"first","10":"outofstock","11":"taxable","12":"shipping-taxable","13":"product-type-simple"},"aioseo_notices":[],"_links":{"self":[{"href":"https:\/\/games.tactic.net\/da\/wp-json\/wp\/v2\/product\/115617","targetHints":{"allow":["GET"]}}],"collection":[{"href":"https:\/\/games.tactic.net\/da\/wp-json\/wp\/v2\/product"}],"about":[{"href":"https:\/\/games.tactic.net\/da\/wp-json\/wp\/v2\/types\/product"}],"wp:attachment":[{"href":"https:\/\/games.tactic.net\/da\/wp-json\/wp\/v2\/media?parent=115617"}],"wp:term":[{"taxonomy":"product_brand","embeddable":true,"href":"https:\/\/games.tactic.net\/da\/wp-json\/wp\/v2\/product_brand?post=115617"},{"taxonomy":"product_cat","embeddable":true,"href":"https:\/\/games.tactic.net\/da\/wp-json\/wp\/v2\/product_cat?post=115617"},{"taxonomy":"product_tag","embeddable":true,"href":"https:\/\/games.tactic.net\/da\/wp-json\/wp\/v2\/product_tag?post=115617"},{"taxonomy":"brand","embeddable":true,"href":"https:\/\/games.tactic.net\/da\/wp-json\/wp\/v2\/brand?post=115617"},{"taxonomy":"target-group","embeddable":true,"href":"https:\/\/games.tactic.net\/da\/wp-json\/wp\/v2\/target-group?post=115617"},{"taxonomy":"discontinued","embeddable":true,"href":"https:\/\/games.tactic.net\/da\/wp-json\/wp\/v2\/discontinued?post=115617"}],"curies":[{"name":"wp","href":"https:\/\/api.w.org\/{rel}","templated":true}]}}