{"id":115616,"date":"2021-07-27T13:50:40","date_gmt":"2021-07-27T10:50:40","guid":{"rendered":"http:\/\/dev.tactic.net\/tuote\/travl-baever\/"},"modified":"2023-10-25T13:22:19","modified_gmt":"2023-10-25T10:22:19","slug":"travl-baever","status":"publish","type":"product","link":"https:\/\/games.tactic.net\/da\/tuote\/travl-baever\/","title":{"rendered":"Tactic Travl b\u00e6ver"},"content":{"rendered":"<p>Nu skal der bygges en d\u00e6mning. G\u00e5 rundt i skoven og lad den ivrige b\u00e6ver f\u00e6lde de rigtige tr\u00e6er til dig. N\u00e5r et tr\u00e6 er f\u00e6ldet, kan du l\u00e6gge det i din egen d\u00e6mning. Spilleren, som f\u00f8rst har tre forskellige tr\u00e6er i sin d\u00e6mning, vinder spillet.<\/p>\n","protected":false},"excerpt":{"rendered":"<p>Nu skal der bygges en d\u00e6mning. G\u00e5 rundt i skoven og lad den ivrige b\u00e6ver f\u00e6lde de rigtige tr\u00e6er til dig. N\u00e5r et tr\u00e6 er f\u00e6ldet, kan du l\u00e6gge det i din egen d\u00e6mning. Spilleren, som f\u00f8rst har tre forskellige tr\u00e6er i sin d\u00e6mning, vinder spillet.<\/p>\n","protected":false},"featured_media":0,"template":"","meta":{"content-type":"","_monsterinsights_skip_tracking":false,"_monsterinsights_sitenote_active":false,"_monsterinsights_sitenote_note":"","_monsterinsights_sitenote_category":0},"product_brand":[],"product_cat":[1574],"product_tag":[1223,1002],"brand":[],"target-group":[],"discontinued":[],"class_list":{"0":"post-115616","1":"product","2":"type-product","3":"status-publish","5":"product_cat-boerne-braetspil","6":"product_tag-aktive-da","7":"product_tag-held","9":"first","10":"instock","11":"taxable","12":"shipping-taxable","13":"product-type-simple"},"aioseo_notices":[],"_links":{"self":[{"href":"https:\/\/games.tactic.net\/da\/wp-json\/wp\/v2\/product\/115616","targetHints":{"allow":["GET"]}}],"collection":[{"href":"https:\/\/games.tactic.net\/da\/wp-json\/wp\/v2\/product"}],"about":[{"href":"https:\/\/games.tactic.net\/da\/wp-json\/wp\/v2\/types\/product"}],"wp:attachment":[{"href":"https:\/\/games.tactic.net\/da\/wp-json\/wp\/v2\/media?parent=115616"}],"wp:term":[{"taxonomy":"product_brand","embeddable":true,"href":"https:\/\/games.tactic.net\/da\/wp-json\/wp\/v2\/product_brand?post=115616"},{"taxonomy":"product_cat","embeddable":true,"href":"https:\/\/games.tactic.net\/da\/wp-json\/wp\/v2\/product_cat?post=115616"},{"taxonomy":"product_tag","embeddable":true,"href":"https:\/\/games.tactic.net\/da\/wp-json\/wp\/v2\/product_tag?post=115616"},{"taxonomy":"brand","embeddable":true,"href":"https:\/\/games.tactic.net\/da\/wp-json\/wp\/v2\/brand?post=115616"},{"taxonomy":"target-group","embeddable":true,"href":"https:\/\/games.tactic.net\/da\/wp-json\/wp\/v2\/target-group?post=115616"},{"taxonomy":"discontinued","embeddable":true,"href":"https:\/\/games.tactic.net\/da\/wp-json\/wp\/v2\/discontinued?post=115616"}],"curies":[{"name":"wp","href":"https:\/\/api.w.org\/{rel}","templated":true}]}}