{"id":115615,"date":"2021-07-27T13:50:16","date_gmt":"2021-07-27T10:50:16","guid":{"rendered":"http:\/\/dev.tactic.net\/tuote\/strandkamp\/"},"modified":"2023-10-25T13:21:49","modified_gmt":"2023-10-25T10:21:49","slug":"strandkamp","status":"publish","type":"product","link":"https:\/\/games.tactic.net\/da\/tuote\/strandkamp\/","title":{"rendered":"Tactic Strandkamp"},"content":{"rendered":"<p>Delfiner og s\u00e6ler leger med i dette sjove og aktive spil. V\u00e6lg dit hold og pr\u00f8v at f\u00e5 3 p\u00e5 r\u00e6kke ved at st\u00f8de til strandboldene s\u00e5 de lander p\u00e5 b\u00f8lgerne. For hver 3 p\u00e5 r\u00e6kke kan dit hold s\u00e6tte et flag p\u00e5 score\u00f8en. F\u00f8rste hold med 3 flag p\u00e5 \u00f8en vinder.<\/p>\n","protected":false},"excerpt":{"rendered":"<p>Delfiner og s\u00e6ler leger med i dette sjove og aktive spil. V\u00e6lg dit hold og pr\u00f8v at f\u00e5 3 p\u00e5 r\u00e6kke ved at st\u00f8de til strandboldene s\u00e5 de lander p\u00e5 b\u00f8lgerne. For hver 3 p\u00e5 r\u00e6kke kan dit hold s\u00e6tte et flag p\u00e5 score\u00f8en. F\u00f8rste hold med 3 flag p\u00e5 \u00f8en vinder.<\/p>\n","protected":false},"featured_media":0,"template":"","meta":{"content-type":"","_monsterinsights_skip_tracking":false,"_monsterinsights_sitenote_active":false,"_monsterinsights_sitenote_note":"","_monsterinsights_sitenote_category":0},"product_brand":[],"product_cat":[1574],"product_tag":[1223],"brand":[],"target-group":[],"discontinued":[],"class_list":{"0":"post-115615","1":"product","2":"type-product","3":"status-publish","5":"product_cat-boerne-braetspil","6":"product_tag-aktive-da","8":"first","9":"instock","10":"taxable","11":"shipping-taxable","12":"product-type-simple"},"aioseo_notices":[],"_links":{"self":[{"href":"https:\/\/games.tactic.net\/da\/wp-json\/wp\/v2\/product\/115615","targetHints":{"allow":["GET"]}}],"collection":[{"href":"https:\/\/games.tactic.net\/da\/wp-json\/wp\/v2\/product"}],"about":[{"href":"https:\/\/games.tactic.net\/da\/wp-json\/wp\/v2\/types\/product"}],"wp:attachment":[{"href":"https:\/\/games.tactic.net\/da\/wp-json\/wp\/v2\/media?parent=115615"}],"wp:term":[{"taxonomy":"product_brand","embeddable":true,"href":"https:\/\/games.tactic.net\/da\/wp-json\/wp\/v2\/product_brand?post=115615"},{"taxonomy":"product_cat","embeddable":true,"href":"https:\/\/games.tactic.net\/da\/wp-json\/wp\/v2\/product_cat?post=115615"},{"taxonomy":"product_tag","embeddable":true,"href":"https:\/\/games.tactic.net\/da\/wp-json\/wp\/v2\/product_tag?post=115615"},{"taxonomy":"brand","embeddable":true,"href":"https:\/\/games.tactic.net\/da\/wp-json\/wp\/v2\/brand?post=115615"},{"taxonomy":"target-group","embeddable":true,"href":"https:\/\/games.tactic.net\/da\/wp-json\/wp\/v2\/target-group?post=115615"},{"taxonomy":"discontinued","embeddable":true,"href":"https:\/\/games.tactic.net\/da\/wp-json\/wp\/v2\/discontinued?post=115615"}],"curies":[{"name":"wp","href":"https:\/\/api.w.org\/{rel}","templated":true}]}}