{"id":115614,"date":"2021-07-27T13:49:53","date_gmt":"2021-07-27T10:49:53","guid":{"rendered":"http:\/\/dev.tactic.net\/tuote\/rampelys-slammer\/"},"modified":"2023-10-25T13:57:22","modified_gmt":"2023-10-25T10:57:22","slug":"rampelys-slammer","status":"publish","type":"product","link":"https:\/\/games.tactic.net\/da\/tuote\/rampelys-slammer\/","title":{"rendered":"Tactic Rampelys Slammer"},"content":{"rendered":"<p>Sjovt og dynamisk scenespil for b\u00f8rn. En spiller optr\u00e6der, mens de andre g\u00e6tter. N\u00e5r de andre g\u00e6tter, hvad skuespilleren forestiller, skal de pr\u00f8ve at snuppe det rigtige kort p\u00e5 bordet med en slammer. Den hurtigste f\u00e5r kortet, og f\u00f8rste spiller med 5 kort vinder.<\/p>\n","protected":false},"excerpt":{"rendered":"<p>Sjovt og dynamisk scenespil for b\u00f8rn. En spiller optr\u00e6der, mens de andre g\u00e6tter. N\u00e5r de andre g\u00e6tter, hvad skuespilleren forestiller, skal de pr\u00f8ve at snuppe det rigtige kort p\u00e5 bordet med en slammer. Den hurtigste f\u00e5r kortet, og f\u00f8rste spiller med 5 kort vinder.<\/p>\n","protected":false},"featured_media":0,"template":"","meta":{"content-type":"","_monsterinsights_skip_tracking":false,"_monsterinsights_sitenote_active":false,"_monsterinsights_sitenote_note":"","_monsterinsights_sitenote_category":0},"product_brand":[],"product_cat":[1574],"product_tag":[1229,1256],"brand":[],"target-group":[],"discontinued":[],"class_list":{"0":"post-115614","1":"product","2":"type-product","3":"status-publish","5":"product_cat-boerne-braetspil","6":"product_tag-hastighed-da","7":"product_tag-paedagogisk-da","9":"first","10":"instock","11":"taxable","12":"shipping-taxable","13":"product-type-simple"},"aioseo_notices":[],"_links":{"self":[{"href":"https:\/\/games.tactic.net\/da\/wp-json\/wp\/v2\/product\/115614","targetHints":{"allow":["GET"]}}],"collection":[{"href":"https:\/\/games.tactic.net\/da\/wp-json\/wp\/v2\/product"}],"about":[{"href":"https:\/\/games.tactic.net\/da\/wp-json\/wp\/v2\/types\/product"}],"wp:attachment":[{"href":"https:\/\/games.tactic.net\/da\/wp-json\/wp\/v2\/media?parent=115614"}],"wp:term":[{"taxonomy":"product_brand","embeddable":true,"href":"https:\/\/games.tactic.net\/da\/wp-json\/wp\/v2\/product_brand?post=115614"},{"taxonomy":"product_cat","embeddable":true,"href":"https:\/\/games.tactic.net\/da\/wp-json\/wp\/v2\/product_cat?post=115614"},{"taxonomy":"product_tag","embeddable":true,"href":"https:\/\/games.tactic.net\/da\/wp-json\/wp\/v2\/product_tag?post=115614"},{"taxonomy":"brand","embeddable":true,"href":"https:\/\/games.tactic.net\/da\/wp-json\/wp\/v2\/brand?post=115614"},{"taxonomy":"target-group","embeddable":true,"href":"https:\/\/games.tactic.net\/da\/wp-json\/wp\/v2\/target-group?post=115614"},{"taxonomy":"discontinued","embeddable":true,"href":"https:\/\/games.tactic.net\/da\/wp-json\/wp\/v2\/discontinued?post=115614"}],"curies":[{"name":"wp","href":"https:\/\/api.w.org\/{rel}","templated":true}]}}