{"id":115557,"date":"2021-07-27T13:46:49","date_gmt":"2021-07-27T10:46:49","guid":{"rendered":"http:\/\/dev.tactic.net\/tuote\/soeg-og-find-bondegaard\/"},"modified":"2023-07-21T08:51:18","modified_gmt":"2023-07-21T05:51:18","slug":"soeg-og-find-bondegaard","status":"archive","type":"product","link":"https:\/\/games.tactic.net\/da\/tuote\/soeg-og-find-bondegaard\/","title":{"rendered":"S\u00f8g og find Bondeg\u00e5rd"},"content":{"rendered":"<div class=\"page\" title=\"Page 3\">\n<div class=\"layoutArea\">\n<div class=\"column\">\n<div class=\"page\" title=\"Page 3\">\n<div class=\"layoutArea\">\n<div class=\"column\">\n<p><span style=\"font-size: 9.000000pt;font-family: 'MyriadPro'\">Velkommen ud p\u00e5 landet! Bondeg\u00e5rden er fuld af<br \/>\nsjov og spil, og denne gang leger dyrene gemmeleg.<br \/>\nKortene viser, hvilke to dyr du skal finde, og den<br \/>\nhurtigste spiller f\u00e5r en gevinst. Spillepladen best\u00e5r af<br \/>\nstore puslebrikker, som g\u00f8r hvert spil forskelligt, og<br \/>\nspillerne kan v\u00e6lge mellem en nem eller en sv\u00e6rere<br \/>\nversion.<br \/>\n<\/span><\/p>\n<\/p><\/div>\n<\/p><\/div>\n<\/p><\/div>\n<div class=\"page\" title=\"Page 3\">\n<div class=\"layoutArea\">\n<div class=\"column\">\n<p><span style=\"font-size: 9pt;font-family: MyriadPro\"><br \/><\/span><\/p>\n<\/p><\/div>\n<\/p><\/div>\n<\/p><\/div>\n<p><span style=\"font-size: 9.000000pt;font-family: 'MyriadPro'\"><br \/>\n<\/span><\/p>\n<\/p><\/div>\n<\/p><\/div>\n<\/p><\/div>\n","protected":false},"excerpt":{"rendered":"<p>Velkommen ud p\u00e5 landet! Bondeg\u00e5rden er fuld af sjov og spil, og denne gang leger dyrene gemmeleg. Kortene viser, hvilke to dyr du skal finde, og den hurtigste spiller f\u00e5r en gevinst. Spillepladen best\u00e5r af store puslebrikker, som g\u00f8r hvert spil forskelligt, og spillerne kan v\u00e6lge mellem en nem eller en sv\u00e6rere version.<\/p>\n","protected":false},"featured_media":0,"template":"","meta":{"content-type":"","_monsterinsights_skip_tracking":false,"_monsterinsights_sitenote_active":false,"_monsterinsights_sitenote_note":"","_monsterinsights_sitenote_category":0},"product_brand":[],"product_cat":[1574],"product_tag":[1229,1232],"brand":[],"target-group":[],"discontinued":[],"class_list":{"0":"post-115557","1":"product","2":"type-product","3":"status-archive","5":"product_cat-boerne-braetspil","6":"product_tag-hastighed-da","7":"product_tag-kombinere-da","9":"first","10":"outofstock","11":"taxable","12":"shipping-taxable","13":"product-type-simple"},"aioseo_notices":[],"_links":{"self":[{"href":"https:\/\/games.tactic.net\/da\/wp-json\/wp\/v2\/product\/115557","targetHints":{"allow":["GET"]}}],"collection":[{"href":"https:\/\/games.tactic.net\/da\/wp-json\/wp\/v2\/product"}],"about":[{"href":"https:\/\/games.tactic.net\/da\/wp-json\/wp\/v2\/types\/product"}],"wp:attachment":[{"href":"https:\/\/games.tactic.net\/da\/wp-json\/wp\/v2\/media?parent=115557"}],"wp:term":[{"taxonomy":"product_brand","embeddable":true,"href":"https:\/\/games.tactic.net\/da\/wp-json\/wp\/v2\/product_brand?post=115557"},{"taxonomy":"product_cat","embeddable":true,"href":"https:\/\/games.tactic.net\/da\/wp-json\/wp\/v2\/product_cat?post=115557"},{"taxonomy":"product_tag","embeddable":true,"href":"https:\/\/games.tactic.net\/da\/wp-json\/wp\/v2\/product_tag?post=115557"},{"taxonomy":"brand","embeddable":true,"href":"https:\/\/games.tactic.net\/da\/wp-json\/wp\/v2\/brand?post=115557"},{"taxonomy":"target-group","embeddable":true,"href":"https:\/\/games.tactic.net\/da\/wp-json\/wp\/v2\/target-group?post=115557"},{"taxonomy":"discontinued","embeddable":true,"href":"https:\/\/games.tactic.net\/da\/wp-json\/wp\/v2\/discontinued?post=115557"}],"curies":[{"name":"wp","href":"https:\/\/api.w.org\/{rel}","templated":true}]}}