{"id":115500,"date":"2021-07-27T11:03:51","date_gmt":"2021-07-27T08:03:51","guid":{"rendered":"http:\/\/dev.tactic.net\/tuote\/gemmeleg-i-safariparken\/"},"modified":"2025-05-08T15:01:17","modified_gmt":"2025-05-08T12:01:17","slug":"gemmeleg-i-safariparken","status":"archive","type":"product","link":"https:\/\/games.tactic.net\/da\/tuote\/gemmeleg-i-safariparken\/","title":{"rendered":"Tactic Gemmeleg i Safariparken"},"content":{"rendered":"<p>Velkommen p\u00e5 safari! Led efter de vilde dyr p\u00e5 kortene og peg p\u00e5 dem samtidigt. Hvis du er hurtigere end de andre spillere, vinder du en dyrefigur. Fra 4 \u00e5r.<\/p>\n<p><img decoding=\"async\" src=\"https:\\\\\\\\games.tactic.net\\\\pic\\\\logo\\\\Awarded_concept.png\"><img decoding=\"async\" src=\"https:\\\\\\\\games.tactic.net\\\\pic\\\\logo\\\\SE_2020_Arets-Barnspel.png\"><img decoding=\"async\" src=\"https:\\\\\\\\games.tactic.net\\\\pic\\\\logo\\\\FI_2020_Vuoden_Lastenpelit.png\"><\/p>\n","protected":false},"excerpt":{"rendered":"<p>Tactic Gemmeleg i Safariparken<\/p>\n","protected":false},"featured_media":0,"template":"","meta":{"content-type":"","_monsterinsights_skip_tracking":false,"_monsterinsights_sitenote_active":false,"_monsterinsights_sitenote_note":"","_monsterinsights_sitenote_category":0},"product_brand":[],"product_cat":[1574],"product_tag":[1229,1232],"brand":[],"target-group":[],"discontinued":[],"class_list":{"0":"post-115500","1":"product","2":"type-product","3":"status-archive","5":"product_cat-boerne-braetspil","6":"product_tag-hastighed-da","7":"product_tag-kombinere-da","9":"first","10":"outofstock","11":"taxable","12":"shipping-taxable","13":"product-type-simple"},"aioseo_notices":[],"_links":{"self":[{"href":"https:\/\/games.tactic.net\/da\/wp-json\/wp\/v2\/product\/115500","targetHints":{"allow":["GET"]}}],"collection":[{"href":"https:\/\/games.tactic.net\/da\/wp-json\/wp\/v2\/product"}],"about":[{"href":"https:\/\/games.tactic.net\/da\/wp-json\/wp\/v2\/types\/product"}],"wp:attachment":[{"href":"https:\/\/games.tactic.net\/da\/wp-json\/wp\/v2\/media?parent=115500"}],"wp:term":[{"taxonomy":"product_brand","embeddable":true,"href":"https:\/\/games.tactic.net\/da\/wp-json\/wp\/v2\/product_brand?post=115500"},{"taxonomy":"product_cat","embeddable":true,"href":"https:\/\/games.tactic.net\/da\/wp-json\/wp\/v2\/product_cat?post=115500"},{"taxonomy":"product_tag","embeddable":true,"href":"https:\/\/games.tactic.net\/da\/wp-json\/wp\/v2\/product_tag?post=115500"},{"taxonomy":"brand","embeddable":true,"href":"https:\/\/games.tactic.net\/da\/wp-json\/wp\/v2\/brand?post=115500"},{"taxonomy":"target-group","embeddable":true,"href":"https:\/\/games.tactic.net\/da\/wp-json\/wp\/v2\/target-group?post=115500"},{"taxonomy":"discontinued","embeddable":true,"href":"https:\/\/games.tactic.net\/da\/wp-json\/wp\/v2\/discontinued?post=115500"}],"curies":[{"name":"wp","href":"https:\/\/api.w.org\/{rel}","templated":true}]}}