{"id":111638,"date":"2021-07-19T09:46:11","date_gmt":"2021-07-19T06:46:11","guid":{"rendered":"http:\/\/dev.tactic.net\/tuote\/verdens-boern\/"},"modified":"2023-10-17T19:21:08","modified_gmt":"2023-10-17T16:21:08","slug":"verdens-boern","status":"publish","type":"product","link":"https:\/\/games.tactic.net\/da\/tuote\/verdens-boern\/","title":{"rendered":"Tactic Verdens b\u00f8rn"},"content":{"rendered":"<p>Herligt at l\u00e6re om andre kulturer! Vi er alle forskellige, men alle er lige. Med s\u00e5 mange lande at l\u00e6re om, vil dette v\u00e6re den perfekte start p\u00e5 en livslang forst\u00e5else for andre kulturer. At udforske mennesker og andre kulturer v\u00e6kker b\u00f8rns naturlige nysgerrighed, og de vil engagere sig i spillet igen og igen.<\/p>\n<p><img decoding=\"async\" src=\"https:\\\\\\\\games.tactic.net\\\\pic\\\\logo\\\\Awarded_concept.png\"><\/p>\n","protected":false},"excerpt":{"rendered":"<p>Herligt at l\u00e6re om andre kulturer! Vi er alle forskellige, men alle er lige. Med s\u00e5 mange lande at l\u00e6re om, vil dette v\u00e6re den perfekte start p\u00e5 en livslang forst\u00e5else for andre kulturer. At udforske mennesker og andre kulturer v\u00e6kker b\u00f8rns naturlige nysgerrighed, og de vil engagere sig i spillet igen og igen.<\/p>\n","protected":false},"featured_media":0,"template":"","meta":{"content-type":"","_monsterinsights_skip_tracking":false,"_monsterinsights_sitenote_active":false,"_monsterinsights_sitenote_note":"","_monsterinsights_sitenote_category":0},"product_brand":[],"product_cat":[1574,1590],"product_tag":[1256,1198],"brand":[{"id":859,"name":"Let's Learn","slug":"letslearn-da"}],"target-group":[],"discontinued":[],"class_list":{"0":"post-111638","1":"product","2":"type-product","3":"status-publish","5":"product_cat-boerne-braetspil","6":"product_cat-laeringsspil","7":"product_tag-paedagogisk-da","8":"product_tag-viden","9":"brand-letslearn-da","11":"first","12":"instock","13":"taxable","14":"shipping-taxable","15":"product-type-simple"},"aioseo_notices":[],"_links":{"self":[{"href":"https:\/\/games.tactic.net\/da\/wp-json\/wp\/v2\/product\/111638","targetHints":{"allow":["GET"]}}],"collection":[{"href":"https:\/\/games.tactic.net\/da\/wp-json\/wp\/v2\/product"}],"about":[{"href":"https:\/\/games.tactic.net\/da\/wp-json\/wp\/v2\/types\/product"}],"wp:attachment":[{"href":"https:\/\/games.tactic.net\/da\/wp-json\/wp\/v2\/media?parent=111638"}],"wp:term":[{"taxonomy":"product_brand","embeddable":true,"href":"https:\/\/games.tactic.net\/da\/wp-json\/wp\/v2\/product_brand?post=111638"},{"taxonomy":"product_cat","embeddable":true,"href":"https:\/\/games.tactic.net\/da\/wp-json\/wp\/v2\/product_cat?post=111638"},{"taxonomy":"product_tag","embeddable":true,"href":"https:\/\/games.tactic.net\/da\/wp-json\/wp\/v2\/product_tag?post=111638"},{"taxonomy":"brand","embeddable":true,"href":"https:\/\/games.tactic.net\/da\/wp-json\/wp\/v2\/brand?post=111638"},{"taxonomy":"target-group","embeddable":true,"href":"https:\/\/games.tactic.net\/da\/wp-json\/wp\/v2\/target-group?post=111638"},{"taxonomy":"discontinued","embeddable":true,"href":"https:\/\/games.tactic.net\/da\/wp-json\/wp\/v2\/discontinued?post=111638"}],"curies":[{"name":"wp","href":"https:\/\/api.w.org\/{rel}","templated":true}]}}