{"id":105938,"date":"2021-07-01T16:20:24","date_gmt":"2021-07-01T13:20:24","guid":{"rendered":"https:\/\/dev.tactic.net\/tuote\/active-play-aerteposespil\/"},"modified":"2023-10-17T19:31:41","modified_gmt":"2023-10-17T16:31:41","slug":"active-play-aerteposespil","status":"publish","type":"product","link":"https:\/\/games.tactic.net\/da\/tuote\/active-play-aerteposespil\/","title":{"rendered":"Tactic Active Play \u00c6rteposespil"},"content":{"rendered":"<p>Kast \u00e6rteposerne p\u00e5 pladerne og f\u00e5 flest point. Hvis du kaster en pose gennem hullet, f\u00e5r du flere point!<\/p>\n","protected":false},"excerpt":{"rendered":"<p>Kast \u00e6rteposerne p\u00e5 pladerne og f\u00e5 flest point. Hvis du kaster en pose gennem hullet, f\u00e5r du flere point!<\/p>\n","protected":false},"featured_media":0,"template":"","meta":{"content-type":"","_monsterinsights_skip_tracking":false,"_monsterinsights_sitenote_active":false,"_monsterinsights_sitenote_note":"","_monsterinsights_sitenote_category":0},"product_brand":[],"product_cat":[1627,1628],"product_tag":[1223,1250],"brand":[],"target-group":[],"discontinued":[],"class_list":{"0":"post-105938","1":"product","2":"type-product","3":"status-publish","5":"product_cat-active-play-udendoers-spil","6":"product_cat-active-play-bornespil","7":"product_tag-aktive-da","8":"product_tag-faerdighed-da","10":"first","11":"instock","12":"taxable","13":"shipping-taxable","14":"product-type-simple"},"aioseo_notices":[],"_links":{"self":[{"href":"https:\/\/games.tactic.net\/da\/wp-json\/wp\/v2\/product\/105938","targetHints":{"allow":["GET"]}}],"collection":[{"href":"https:\/\/games.tactic.net\/da\/wp-json\/wp\/v2\/product"}],"about":[{"href":"https:\/\/games.tactic.net\/da\/wp-json\/wp\/v2\/types\/product"}],"wp:attachment":[{"href":"https:\/\/games.tactic.net\/da\/wp-json\/wp\/v2\/media?parent=105938"}],"wp:term":[{"taxonomy":"product_brand","embeddable":true,"href":"https:\/\/games.tactic.net\/da\/wp-json\/wp\/v2\/product_brand?post=105938"},{"taxonomy":"product_cat","embeddable":true,"href":"https:\/\/games.tactic.net\/da\/wp-json\/wp\/v2\/product_cat?post=105938"},{"taxonomy":"product_tag","embeddable":true,"href":"https:\/\/games.tactic.net\/da\/wp-json\/wp\/v2\/product_tag?post=105938"},{"taxonomy":"brand","embeddable":true,"href":"https:\/\/games.tactic.net\/da\/wp-json\/wp\/v2\/brand?post=105938"},{"taxonomy":"target-group","embeddable":true,"href":"https:\/\/games.tactic.net\/da\/wp-json\/wp\/v2\/target-group?post=105938"},{"taxonomy":"discontinued","embeddable":true,"href":"https:\/\/games.tactic.net\/da\/wp-json\/wp\/v2\/discontinued?post=105938"}],"curies":[{"name":"wp","href":"https:\/\/api.w.org\/{rel}","templated":true}]}}